{"id":1103,"date":"2025-06-24T05:57:05","date_gmt":"2025-06-24T05:57:05","guid":{"rendered":"https:\/\/cielo.travel\/?page_id=1103"},"modified":"2025-07-17T06:46:36","modified_gmt":"2025-07-17T06:46:36","slug":"conferencias-viajes-en-grupo-eventos-corporativos-en-colombia","status":"publish","type":"page","link":"https:\/\/cielo.travel\/es\/conference-group-travel-corporate-events-in-colombia\/","title":{"rendered":"Conferencias Viajes en grupo y eventos corporativos en Colombia"},"content":{"rendered":"<h1>\n\t\t\tSenderismo ecol\u00f3gico Las Moyas\t<\/h1>\n\t<p>Eventos profesionales, fluidos e inspiradores: gestionados por expertos<\/p>\n\t<p>Colombia se est\u00e1 convirtiendo r\u00e1pidamente en el principal destino de Am\u00e9rica Latina para conferencias, reuniones de negocios y eventos corporativos. En cielo.travel, hacemos que traer a su grupo a Colombia no suponga ning\u00fan esfuerzo, para que pueda centrarse en su agenda, no en la log\u00edstica.<\/p>\n\t<h2><strong>\u00bfPor qu\u00e9 Colombia para conferencias?<\/strong><\/h2>\n<p>Colombia combina sedes de talla mundial, ciudades vibrantes y paisajes espectaculares. Tanto si su evento se celebra en Bogot\u00e1, Cartagena, Medell\u00edn o m\u00e1s all\u00e1, encontrar\u00e1 infraestructuras modernas, toques culturales \u00fanicos y un sinf\u00edn de opciones para realizar actividades en equipo y establecer contactos.<\/p>\n<h2><strong>Qu\u00e9 hacemos por su grupo de conferencias<\/strong><\/h2>\n<p>cielo.travel se especializa en <em>gesti\u00f3n integral de viajes de conferencias<\/em>-para empresas, asociaciones y organizaciones que buscan excelencia, seguridad y aut\u00e9ntica experiencia local.<\/p>\n<h3><strong>Nuestros servicios incluyen:<\/strong><\/h3>\n<ul>\n<li><strong>Servicio completo de log\u00edstica de eventos:<\/strong> Gestionamos la llegada al aeropuerto, el bloqueo de hoteles, el transporte terrestre y la coordinaci\u00f3n in situ de todo su grupo (de 5 a 100 asistentes o m\u00e1s).<\/li>\n<li><strong>Selecci\u00f3n del lugar y montaje:<\/strong> Hoteles modernos, centros de conferencias y espacios exclusivos para reuniones en las ciudades m\u00e1s importantes de Colombia: TV, WiFi y servicios de negocios incluidos.<\/li>\n<li><strong>Itinerarios personalizados para grupos:<\/strong> Creamos experiencias en torno a su conferencia: cenas VIP, recepciones para establecer contactos, visitas a la ciudad o jornadas de aventura para delegados e invitados.<\/li>\n<li><strong>Asistencia profesional en ingl\u00e9s:<\/strong> Personal biling\u00fce, gu\u00edas que hablan ingl\u00e9s y un servicio de calidad internacional en todos los puntos de contacto.<\/li>\n<li><strong>Seguridad y protecci\u00f3n:<\/strong> Socios examinados, actividades aseguradas, transferencias seguras y asistencia 24 horas al d\u00eda, 7 d\u00edas a la semana, para su tranquilidad.<\/li>\n<li><strong>Precios transparentes en USD:<\/strong> Propuestas claras y por adelantado, y pago f\u00e1cil en d\u00f3lares estadounidenses. Su dep\u00f3sito se abona en los servicios elegidos por su grupo.<\/li>\n<li><strong>Asistencia in situ:<\/strong>El personal de viajes est\u00e1 sobre el terreno antes y durante su evento, listo para resolver cualquier problema y garantizar que todo se desarrolle sin problemas.<\/li>\n<li><strong>Planificaci\u00f3n flexible y con capacidad de respuesta:<\/strong> \u00bfCambios de \u00faltima hora? \u00bfPersonas VIP con peticiones especiales? Respondemos con rapidez y nos adaptamos a sus necesidades.<\/li>\n<\/ul>\n<h2><strong>Actividades de grupo y mejora de eventos<\/strong><\/h2>\n<ul>\n<li><strong>Recepciones de bienvenida VIP:<\/strong> C\u00f3cteles en la azotea, m\u00fasica local y hospitalidad de primera clase.<\/li>\n<li><strong>Experiencias urbanas comisariadas:<\/strong> Excursiones privadas, aventuras culinarias, visitas a museos y acceso exclusivo a los puntos de inter\u00e9s cultural de Colombia.<\/li>\n<li><strong>Creaci\u00f3n de equipos y redes:<\/strong> Actividades de aventura, talleres y retos creativos para ayudar a su equipo a conectar y recargar energ\u00edas.<\/li>\n<li><strong>RSE e impacto:<\/strong> A\u00f1ada una dimensi\u00f3n significativa a su conferencia con actividades de voluntariado o compromiso con la comunidad local.<\/li>\n<\/ul>\n<h2><strong>C\u00f3mo funciona<\/strong><\/h2>\n<ol>\n<li><strong> Comparta los detalles de su conferencia<br \/>\n<\/strong>Tama\u00f1o del grupo (de 5 a 100 personas o m\u00e1s), fechas del evento, ciudad preferida y cualquier cosa que sea imprescindible.<\/li>\n<li><strong> Reciba un plan y un presupuesto personalizados<br \/>\n<\/strong>Itinerario detallado, horarios diarios, lugares recomendados y precios claros en d\u00f3lares estadounidenses.<\/li>\n<li><strong> Confirme su evento<br \/>\n<\/strong>Reserve con un dep\u00f3sito que se abonar\u00e1 a los servicios seleccionados.<\/li>\n<li><strong> Llegar y actuar con confianza<br \/>\n<\/strong>Nuestro equipo est\u00e1 in situ y de guardia, para garantizar que su grupo disfrute de una experiencia impecable de principio a fin.<\/li>\n<\/ol>\n<h2><strong>Preguntas frecuentes - Viaje en grupo a Colombia<\/strong><\/h2>\n<strong>\u00bfPuede gestionar grandes eventos de varios d\u00edas de duraci\u00f3n?<br \/>\n<\/strong>\u00a0S\u00ed. Organizamos desde peque\u00f1as reuniones de directivos hasta conferencias de varios d\u00edas con m\u00e1s de 100 asistentes.\n<strong>\u00bfOfrecen servicios de traducci\u00f3n, audiovisuales y apoyo empresarial?<br \/>\n<\/strong>\u00a0Por supuesto. Proporcionamos int\u00e9rpretes, equipos audiovisuales, impresi\u00f3n, material de marca y todo lo necesario para el \u00e9xito del acto.\n<strong>\u00bfPuede adaptarse a necesidades diet\u00e9ticas, de accesibilidad o especiales?<br \/>\n<\/strong>\u00a0S\u00ed, s\u00f3lo tiene que dec\u00edrnoslo. Podemos personalizar hasta el \u00faltimo detalle.\n<strong>\u00bfMe devuelven la fianza?<br \/>\n<\/strong>\u00a0Los dep\u00f3sitos se abonan siempre a cuenta de las actividades y servicios de su grupo. Posibilidad de reprogramaci\u00f3n y cancelaci\u00f3n flexible.\n<strong>\u00bfPuede organizar programas sociales o visitas para delegados y socios?<br \/>\n<\/strong>\u00a0S\u00ed, ofrecemos experiencias antes y despu\u00e9s de la conferencia, adem\u00e1s de opciones exclusivas para los invitados.\n<h2><strong>\u00bfPor qu\u00e9 confiar en cielo.travel?<\/strong><\/h2>\n<ul>\n<li>Organizadores de eventos profesionales de habla inglesa<\/li>\n<li>Socios examinados y asegurados<\/li>\n<li>Precios transparentes en USD<\/li>\n<li>Asistencia flexible, r\u00e1pida y reactiva<\/li>\n<li>Experiencia local real-normas internacionales<\/li>\n<li>Travel ha aparecido en las principales publicaciones de Colombia por nuestro enfoque innovador de los viajes de negocios y los eventos.<strong><br \/>\n<\/strong><\/li>\n<\/ul>\n<h2><strong>\u00bfEst\u00e1 listo para planificar su conferencia en Colombia?<\/strong><\/h2>\n<p>Deje que nosotros nos ocupemos de la log\u00edstica, para que usted pueda centrarse en lo importante.<\/p>","protected":false},"excerpt":{"rendered":"<p>Caminata Ecol\u00f3gica Las Moyas Eventos profesionales, fluidos e inspiradores - manejados por expertos Colombia se est\u00e1 convirtiendo r\u00e1pidamente en el principal destino de Am\u00e9rica Latina para conferencias, reuniones de negocios y eventos corporativos. En cielo.travel, hacemos que traer su grupo a Colombia sea f\u00e1cil, para que usted pueda concentrarse en su agenda, no en la log\u00edstica. \u00bfPor qu\u00e9 Colombia para Conferencias? Colombia combina lugares de clase mundial, ciudades vibrantes,...<\/p>","protected":false},"author":1,"featured_media":0,"parent":0,"menu_order":0,"comment_status":"closed","ping_status":"closed","template":"","meta":{"_acf_changed":false,"inline_featured_image":false,"footnotes":""},"class_list":["post-1103","page","type-page","status-publish","hentry"],"acf":[],"_links":{"self":[{"href":"https:\/\/cielo.travel\/es\/wp-json\/wp\/v2\/pages\/1103","targetHints":{"allow":["GET"]}}],"collection":[{"href":"https:\/\/cielo.travel\/es\/wp-json\/wp\/v2\/pages"}],"about":[{"href":"https:\/\/cielo.travel\/es\/wp-json\/wp\/v2\/types\/page"}],"author":[{"embeddable":true,"href":"https:\/\/cielo.travel\/es\/wp-json\/wp\/v2\/users\/1"}],"replies":[{"embeddable":true,"href":"https:\/\/cielo.travel\/es\/wp-json\/wp\/v2\/comments?post=1103"}],"version-history":[{"count":0,"href":"https:\/\/cielo.travel\/es\/wp-json\/wp\/v2\/pages\/1103\/revisions"}],"wp:attachment":[{"href":"https:\/\/cielo.travel\/es\/wp-json\/wp\/v2\/media?parent=1103"}],"curies":[{"name":"wp","href":"https:\/\/api.w.org\/{rel}","templated":true}]}}