{"id":1127,"date":"2025-06-24T13:34:15","date_gmt":"2025-06-24T13:34:15","guid":{"rendered":"https:\/\/cielo.travel\/?page_id=1127"},"modified":"2025-07-17T06:50:02","modified_gmt":"2025-07-17T06:50:02","slug":"reunion-familiar-viajes-en-grupo-colombia","status":"publish","type":"page","link":"https:\/\/cielo.travel\/es\/family-reunion-group-travel-colombia\/","title":{"rendered":"Reuniones familiares Viajes en grupo - Colombia"},"content":{"rendered":"<h1>\n\t\t\tSenderismo ecol\u00f3gico Las Moyas\t<\/h1>\n\t<p>Re\u00fana a su familia en un pa\u00eds lleno de coraz\u00f3n<\/p>\n\t<p>\u00bfEst\u00e1 buscando reunir a su familia en un lugar significativo, seguro y lleno de aventura? cielo.travel convierte las reuniones familiares en Colombia en celebraciones inolvidables, ocup\u00e1ndose de todos los detalles para que usted pueda concentrarse en lo que m\u00e1s importa: la conexi\u00f3n.<\/p>\n\t<h2><strong>\u00bfPor qu\u00e9 elegir Colombia para su reuni\u00f3n familiar?<\/strong><\/h2>\n<p>Colombia rebosa color, cultura, naturaleza y alegr\u00eda. Desde ciudades vibrantes hasta colinas cafeteras y playas caribe\u00f1as, ofrece algo para cada generaci\u00f3n. La amabilidad de sus gentes, su deliciosa gastronom\u00eda y un sinf\u00edn de actividades lo convierten en el destino perfecto para familias grandes y peque\u00f1as.<\/p>\n<h2><strong>Lo que ofrecemos a su familia<\/strong><\/h2>\n<p>Somos expertos locales con est\u00e1ndares internacionales: estamos aqu\u00ed para ayudarle a planificar y disfrutar de una reuni\u00f3n familiar f\u00e1cil para todos, desde los abuelos hasta los nietos.<\/p>\n<h3><strong>Nuestros servicios incluyen:<\/strong><\/h3>\n<ul>\n<li><strong>Itinerarios personalizados:<\/strong> Actividades, excursiones y comidas dise\u00f1adas para las edades e intereses de su familia: aventuras en la naturaleza, visitas por la ciudad, experiencias culturales y pura relajaci\u00f3n.<\/li>\n<li><strong>Alojamiento para grupos:<\/strong> Hoteles, villas privadas o estancias boutique, con el tama\u00f1o y estilo adecuados para su grupo.<\/li>\n<li><strong>Traslados al aeropuerto y transporte local:<\/strong> Privado, c\u00f3modo y seguro: nadie se pierde ni se queda atr\u00e1s.<\/li>\n<li><strong>Apoyo biling\u00fce sobre el terreno:<\/strong> Anfitriones de habla inglesa que le guiar\u00e1n y ayudar\u00e1n durante todo el viaje.<\/li>\n<li><strong>Comidas especiales para grupos y celebraciones:<\/strong> Cenas privadas, picnics o incluso una fiesta familiar en un lugar \u00fanico.<\/li>\n<li><strong>Actividades para ni\u00f1os y varias generaciones:<\/strong> Senderismo, paseos a caballo, d\u00edas de playa, talleres culturales y mucho m\u00e1s, todo ello adaptado a la energ\u00eda y los intereses de cada uno.<\/li>\n<li><strong>Tama\u00f1os de grupo flexibles:<\/strong> De 5 a m\u00e1s de 100 personas, cada detalle se adapta a su familia.<\/li>\n<li><strong>Precios transparentes en USD:<\/strong> Sin cargos ocultos, con propuestas claras, pagos sencillos, y su dep\u00f3sito se destina a sus actividades y alojamiento.<\/li>\n<li><strong>Seguridad y tranquilidad:<\/strong> Socios seleccionados, transporte seguro y asistencia 24 horas al d\u00eda, 7 d\u00edas a la semana.<\/li>\n<\/ul>\n<h2><strong>Ejemplos de experiencias en reuniones familiares<\/strong><\/h2>\n<p><strong>Complementos populares:<\/strong><\/p>\n<ul>\n<li><strong>Cena de bienvenida:<\/strong> Celebre su primera noche con una comida privada en grupo.<\/li>\n<li><strong>Recorridos por la ciudad y la naturaleza:<\/strong> Explore Bogot\u00e1, Medell\u00edn, Cartagena o el Eje Cafetero con gu\u00edas que lo har\u00e1n divertido para todas las edades.<\/li>\n<li><strong>Escapada a la playa o a la monta\u00f1a:<\/strong> Pasen juntos un d\u00eda (o m\u00e1s) de relax en los bellos paisajes de Colombia.<\/li>\n<li><strong>Talleres culturales:<\/strong> Clases de cocina, sesiones de m\u00fasica o arte para toda la familia.<\/li>\n<li><strong>Experiencias de creaci\u00f3n de recuerdos:<\/strong> Fotos profesionales de grupo, juegos familiares o veladas de cuentacuentos.<\/li>\n<li><strong>Peticiones especiales:<\/strong> Fiestas de cumplea\u00f1os, aniversarios o sorpresas: le ayudaremos a hacerlas realidad.<\/li>\n<\/ul>\n<h2><strong>C\u00f3mo funciona<\/strong><\/h2>\n<ol>\n<li><strong> Comparta su visi\u00f3n<br \/>\n<\/strong>D\u00edganos el tama\u00f1o de su familia (5-100+), edades, fechas y qu\u00e9 har\u00eda especial la reuni\u00f3n.<\/li>\n<li><strong> Reciba un plan y un presupuesto personalizados<br \/>\n<\/strong>Un itinerario detallado, con actividades, alojamiento y precios, todo en d\u00f3lares estadounidenses.<\/li>\n<li><strong> Reservar con un dep\u00f3sito<br \/>\n<\/strong>Su dep\u00f3sito se abona en los servicios elegidos por su grupo.<\/li>\n<li><strong> Llegar y volver a conectar<br \/>\n<\/strong>Nuestro equipo le da la bienvenida y se encarga de todo, para que usted pueda centrarse en la diversi\u00f3n y la familia.<\/li>\n<\/ol>\n<h2><strong>Preguntas frecuentes - Reuni\u00f3n familiar Viaje en grupo Colombia<\/strong><\/h2>\n<strong>\u00bfPuede adaptarse a todas las edades y necesidades?<br \/>\n<\/strong>\u00a0Por supuesto. Adaptamos todo a su familia, incluidas las necesidades de movilidad, diet\u00e9ticas y de accesibilidad.\n<strong>\u00bfEs Colombia un pa\u00eds seguro para las familias?<br \/>\n<\/strong>\u00a0S\u00ed. S\u00f3lo utilizamos socios autorizados, transporte seguro y asistencia biling\u00fce 24 horas al d\u00eda, 7 d\u00edas a la semana.\n<strong>\u00bfPuede organizar billetes de avi\u00f3n para grupos?<br \/>\n<\/strong>\u00a0Podemos asesorarle sobre las mejores opciones de vuelo y coordinar la recogida en el aeropuerto para todos.\n<strong>\u00bfMe devuelven la fianza?<br \/>\n<\/strong>\u00a0Los dep\u00f3sitos se abonan a cuenta de los servicios, con opciones flexibles de reprogramaci\u00f3n y cancelaci\u00f3n.\n<strong>\u00bfPuede organizar una celebraci\u00f3n especial?<br \/>\n<\/strong>\u00a0Por supuesto, d\u00edganos qu\u00e9 celebra y haremos que sea memorable.\n<h2><strong>\u00bfPor qu\u00e9 confiar en cielo.travel?<\/strong><\/h2>\n<ul>\n<li>Expertos locales biling\u00fces y familiares<\/li>\n<li>Planificaci\u00f3n personalizada para grupos de 5 a m\u00e1s de 100 personas<\/li>\n<li>Compa\u00f1eros y transporte seguros y controlados<\/li>\n<li>Precios claros en USD, sin sorpresas<\/li>\n<li>Travel ha aparecido en las principales publicaciones de viajes y estilo de vida de Colombia por nuestra atenci\u00f3n y calidad.<strong><br \/>\n<\/strong><\/li>\n<\/ul>\n<h2><strong>\u00bfListo para planear su reuni\u00f3n familiar en Colombia?<\/strong><\/h2>\n<p>Nos ocuparemos de todos los detalles para que pueda disfrutar de cada momento.<\/p>","protected":false},"excerpt":{"rendered":"<p>Caminata Ecol\u00f3gica Las Moyas Re\u00fana a su familia en un pa\u00eds lleno de coraz\u00f3n \u00bfBusca reunir a su familia en un lugar significativo, seguro y lleno de aventura? cielo.travel convierte las reuniones familiares en Colombia en celebraciones inolvidables, ocup\u00e1ndose de todos los detalles para que usted pueda concentrarse en lo que m\u00e1s importa: la conexi\u00f3n. \u00bfPor qu\u00e9 elegir Colombia para su reuni\u00f3n familiar? Colombia es...<\/p>","protected":false},"author":1,"featured_media":0,"parent":0,"menu_order":0,"comment_status":"closed","ping_status":"closed","template":"","meta":{"_acf_changed":false,"inline_featured_image":false,"footnotes":""},"class_list":["post-1127","page","type-page","status-publish","hentry"],"acf":[],"_links":{"self":[{"href":"https:\/\/cielo.travel\/es\/wp-json\/wp\/v2\/pages\/1127","targetHints":{"allow":["GET"]}}],"collection":[{"href":"https:\/\/cielo.travel\/es\/wp-json\/wp\/v2\/pages"}],"about":[{"href":"https:\/\/cielo.travel\/es\/wp-json\/wp\/v2\/types\/page"}],"author":[{"embeddable":true,"href":"https:\/\/cielo.travel\/es\/wp-json\/wp\/v2\/users\/1"}],"replies":[{"embeddable":true,"href":"https:\/\/cielo.travel\/es\/wp-json\/wp\/v2\/comments?post=1127"}],"version-history":[{"count":0,"href":"https:\/\/cielo.travel\/es\/wp-json\/wp\/v2\/pages\/1127\/revisions"}],"wp:attachment":[{"href":"https:\/\/cielo.travel\/es\/wp-json\/wp\/v2\/media?parent=1127"}],"curies":[{"name":"wp","href":"https:\/\/api.w.org\/{rel}","templated":true}]}}