{"id":1206,"date":"2025-06-26T05:14:43","date_gmt":"2025-06-26T05:14:43","guid":{"rendered":"https:\/\/cielo.travel\/?page_id=1206"},"modified":"2025-09-20T07:14:14","modified_gmt":"2025-09-20T07:14:14","slug":"conozca-a-nuestro-director-general-shawn-christopher-leamon","status":"publish","type":"page","link":"https:\/\/cielo.travel\/es\/meet-our-ceo-shawn-christopher-leamon\/","title":{"rendered":"Conozca a nuestro Consejero Delegado: Shawn Christopher Leamon"},"content":{"rendered":"<a href=\"\" target=\"_self\">\n\t\t\t\t\t\t\tConozca a nuestro Director General\n\t\t\t\t\t<\/a>\n<h1>\n\t\t\tShawn Christopher Leamon\t<\/h1>\n\t<p>Consejero Delegado, Cielo.Travel<\/p>\n\t\t\t\t<img decoding=\"async\" src=\"https:\/\/cielo.travel\/wp-content\/uploads\/2025\/06\/1_Foto_Shawn.jpg\" alt=\"1_Foto_Shawn\" itemprop=\"image\" height=\"938\" width=\"730\" title=\"1_Foto_Shawn\" onerror=\"this.style.display='none'\" loading=\"lazy\" \/>\n\t<p>Shawn Christopher Leamon es el fundador y CEO de Cielo.Travel, liderando el equipo con una misi\u00f3n clara: conectar a m\u00e1s personas con lo mejor de Colombia a trav\u00e9s de la innovaci\u00f3n digital y la narraci\u00f3n aut\u00e9ntica.<\/p>\n<p>Graduado por el Dartmouth College (Econom\u00eda y Filosof\u00eda) y el IE Business School de Madrid (MBA), Shawn aporta a su trabajo m\u00e1s de 15 a\u00f1os de experiencia internacional. Tras mudarse a Colombia en 2023, reconoci\u00f3 r\u00e1pidamente el creciente potencial del pa\u00eds como destino tanto para viajeros como para empresas tur\u00edsticas con visi\u00f3n de futuro.<\/p>\n<p>Bajo el liderazgo de Shawn, cielo.travel se ha convertido en una de las redes digitales de viajes m\u00e1s influyentes de Colombia, llegando a m\u00e1s de 500.000 seguidores y 3,4 millones de personas cada mes. La compa\u00f1\u00eda ha sido destacada en Portafolio, Semana, Revista C-Level, ProColombia y otros medios de comunicaci\u00f3n l\u00edderes por su enfoque fresco, que re\u00fane tours curados, marketing creativo y resultados reales y medibles para los socios en todo el pa\u00eds.<\/p>\n<p>Shawn est\u00e1 profundamente comprometido con el turismo responsable y el impacto local. Ha trabajado para crear asociaciones con hoteles boutique, gu\u00edas y peque\u00f1as empresas, ayud\u00e1ndoles a llegar a nuevos p\u00fablicos en l\u00ednea y a ofrecer experiencias memorables a visitantes de Colombia y de todo el mundo.<\/p>\n<p>Su enfoque es colaborativo y pr\u00e1ctico: a menudo se encuentra a Shawn trabajando con su equipo, desarrollando nuevos viajes o interactuando directamente con los clientes. Cree que la clave del \u00e9xito en el turismo es escuchar primero: entender lo que quieren los viajeros, lo que necesitan las empresas locales y c\u00f3mo las herramientas digitales pueden unir esos mundos.<\/p>\n<p>Fuera del trabajo, a Shawn le apasiona explorar las diversas regiones de Colombia y compartir historias que inspiren a otros a ver el pa\u00eds de otra manera.<\/p>\n<b>\u201cPara m\u00ed, el valor de Colombia est\u00e1 en su gente, sus paisajes y sus historias. En cielo.travel queremos poner esas historias al alcance de todos\u201d.\u201d<\/b><br \/>\n- Shawn Christopher Leamon","protected":false},"excerpt":{"rendered":"<p>Conozca a nuestro CEO Shawn Christopher Leamon CEO, Cielo.Travel Shawn Christopher Leamon es el fundador y CEO de Cielo.Travel, liderando el equipo con una misi\u00f3n clara: conectar a m\u00e1s personas con lo mejor de Colombia a trav\u00e9s de la innovaci\u00f3n digital y la narraci\u00f3n aut\u00e9ntica. Graduado del Dartmouth College (Econom\u00eda y Filosof\u00eda) y del IE Business School en...<\/p>","protected":false},"author":1,"featured_media":0,"parent":0,"menu_order":0,"comment_status":"closed","ping_status":"closed","template":"","meta":{"_acf_changed":false,"inline_featured_image":false,"footnotes":""},"class_list":["post-1206","page","type-page","status-publish","hentry"],"acf":[],"_links":{"self":[{"href":"https:\/\/cielo.travel\/es\/wp-json\/wp\/v2\/pages\/1206","targetHints":{"allow":["GET"]}}],"collection":[{"href":"https:\/\/cielo.travel\/es\/wp-json\/wp\/v2\/pages"}],"about":[{"href":"https:\/\/cielo.travel\/es\/wp-json\/wp\/v2\/types\/page"}],"author":[{"embeddable":true,"href":"https:\/\/cielo.travel\/es\/wp-json\/wp\/v2\/users\/1"}],"replies":[{"embeddable":true,"href":"https:\/\/cielo.travel\/es\/wp-json\/wp\/v2\/comments?post=1206"}],"version-history":[{"count":0,"href":"https:\/\/cielo.travel\/es\/wp-json\/wp\/v2\/pages\/1206\/revisions"}],"wp:attachment":[{"href":"https:\/\/cielo.travel\/es\/wp-json\/wp\/v2\/media?parent=1206"}],"curies":[{"name":"wp","href":"https:\/\/api.w.org\/{rel}","templated":true}]}}