{"id":2604,"date":"2025-09-12T15:02:01","date_gmt":"2025-09-12T15:02:01","guid":{"rendered":"https:\/\/cielo.travel\/?page_id=2604"},"modified":"2026-05-10T04:59:20","modified_gmt":"2026-05-10T04:59:20","slug":"catedral-de-sal-colombia-guatavita-tour-privado","status":"publish","type":"page","link":"https:\/\/cielo.travel\/es\/best-colombia-tours\/salt-cathedral-colombia-guatavita-private-tour\/","title":{"rendered":"Sum\u00e9rjase en la deslumbrante Catedral de Sal de Colombia &amp; Leyenda Dorada"},"content":{"rendered":"<a href=\"\"  target=\"_self\">\n\t\t\t\t\t\t\tBogot\u00e1\n\t\t\t\t\t<\/a>\n<h1>\n\t\t\tLa mejor excursi\u00f3n privada de un d\u00eda en Bogot\u00e1: Catedral de Sal y Laguna de Guatavita\t<\/h1>\n\tTwo Colombian wonders in one day tour (10h) &#8211; from $107\/person (price varies by group size)<br \/>\nCatedral subterr\u00e1nea + laguna sagrada + almuerzo + gu\u00eda en ingl\u00e9s + transporte incluido.\n\t\t\t<a href=\"#booking\" role=\"button\" target=\"_self\" onclick=\"\">\n\t\t\t\t\t\t\t\tReserve ahora\n\t\t\t\t\t\t\t\t\t\t\t\t\t\t\t\t\t<\/a>\n\t\t\t<a href=\"https:\/\/api.whatsapp.com\/send\/?phone=573002035208&#038;text&#038;type=phone_number&#038;app_absent=0\" role=\"button\" target=\"_blank\" onclick=\"\">\n\t\t\t\t\t\t\t\t\t\t\t\t\t\t\t\t\t\tChatea con nosotros\n\t\t\t\t\t\t\t<\/a>\n\t<p>\u2605 4.9 de m\u00e1s de 1,200 rese\u00f1as \u00b7 62 rese\u00f1as en TripAdvisor \u00b7 Presentado en El Espectador \u00b7 Operador Licenciado RNT 265629<\/p>\n    Por favor, active javascript en su navegador para reservar\n<h2>\n\t\t\t\u00bfPor qu\u00e9 Zipaquir\u00e1 y Guatavita D\u00eda Privado?\t<\/h2>\n\t<p>No se trata de otro viaje combinado, sino de un d\u00eda privado con todo incluido dise\u00f1ado para viajeros que no hablan espa\u00f1ol y quieren conocer los iconos de Colombia sin complicaciones. Desde la recogida en el hotel hasta su \u00faltima foto, su gu\u00eda de habla inglesa es su narrador, int\u00e9rprete y conector local, por lo que no s\u00f3lo ver\u00e1 estos lugares, sino que los entender\u00e1 a ellos y a las personas que mantienen vivas sus tradiciones.<\/p>\n<p>Su viaje comienza bajo tierra en la Catedral de Sal de Zipaquir\u00e1, una joya arquitect\u00f3nica moderna tallada en sal gema viva. Mientras caminas entre capillas y esculturas de sal y m\u00e1rmol, el relato envolvente de tu gu\u00eda conecta la fe, la miner\u00eda y el arte: por qu\u00e9 este espacio se convirti\u00f3 en la c\u00e9lebre maravilla de Colombia, c\u00f3mo se construy\u00f3 y los rituales que a\u00fan resuenan aqu\u00ed.<\/p>\n<p>A continuaci\u00f3n, cambie el subsuelo por el altiplano andino en el lago Guatavita. Camine por el sendero por encima de los 3.000 m mientras su gu\u00eda comparte un relato completo y atractivo de la leyenda de El Dorado: la ceremonia Muisca, las ofrendas, los mitos y los hechos que hicieron mundialmente famosa a esta laguna.<\/p>\n<p>\u00bfQu\u00e9 hace diferente a esta experiencia? Todo est\u00e1 incluido: los dos sitios, todas las entradas, el almuerzo, el transporte privado de ida y vuelta y un gu\u00eda experto dedicado a los visitantes de habla inglesa. No hay sobreventas, ni compromisos de \u201celegir uno\u201d, ni barreras ling\u00fc\u00edsticas. S\u00f3lo un d\u00eda sin interrupciones, rico en conocimientos, que combina iconos, contexto y momentos humanos reales.<\/p>\n<p>Si lo que busca son los contrastes de Colombia -esculpida en sal, coronada por un lago sagrado- con un confort de primera y una conexi\u00f3n genuina, esta es la excursi\u00f3n de un d\u00eda que se lo ofrece.<\/p>\n\t<section>\n    <a href=\"https:\/\/cielo.travel\/es\/pongase-en-contacto-con\/\">Cont\u00e1ctanos<\/a>\n    <a href=\"#booking\">Reserve ahora<\/a>\n<\/section>\n<h2 class=\"translation-block\">\u00bfPor qu\u00e9 reservar <span style=\"color: #135891\">con nosotros?<\/span><\/h2>\n<h2>\n\t\t\t\u00bfListo\/a para explorar Bogot\u00e1?\t<\/h2>\n\t\t\t<a href=\"#booking\" role=\"button\" target=\"_self\" onclick=\"\">\n\t\t\t\t\t\t\t\tReserve ahora\n\t\t\t\t\t\t\t\t\t\t\t\t\t\t\t\t\t<\/a>\n\t\t\t<a href=\"https:\/\/api.whatsapp.com\/send\/?phone=573002035208&#038;text&#038;type=phone_number&#038;app_absent=0\" role=\"button\" target=\"_blank\" onclick=\"\">\n\t\t\t\t\t\t\t\t\t\t\t\t\t\t\t\t\t\tChatea con nosotros\n\t\t\t\t\t\t\t<\/a>\n<h2 class=\"translation-block\">Qu\u00e9 puedes espera<\/h2>\n                                                \n                            <section>\n<h2>Recogida privada en el hotel y traslado a Zipaquir\u00e1:<\/h2>\n<p>Disfrute de la recogida temprano y viaje 1:30h a la Catedral de Sal de Zipaquir\u00e1.<\/p>\n<\/section>\n                                                \n                            <section>\n<h2>Explore la ciudad de Zipaquir\u00e1 y la artesan\u00eda local:<\/h2>\n<p>Pasee por las calles coloniales y compre recuerdos locales hechos a mano.<\/p>\n<\/section>\n                                                \n                            <section>\n<h2>Descubra la historia y la leyenda de Nueva Guatavita:<\/h2>\n<p>Conozca la historia de la ciudad y sus v\u00ednculos con la leyenda de El Dorado.<\/p>\n<\/section>\n                                                \n                            <section>\n<h2> Disfrute de un aut\u00e9ntico almuerzo colombiano en un restaurante local:<\/h2>\n<p>Deguste platos regionales y conozca sus or\u00edgenes culturales.<\/p>\n<\/section>\n                                                \n                            <section>\n<h2>Explore el Parque Natural y la Laguna Ic\u00f3nica de Guatavita:<\/h2>\n<p>Respire aire puro y visite el legendario lago Guatavita.<\/p>\n<\/section>\n                                                \n                            <section>\n<h2>Viaje de regreso a Bogot\u00e1 y entrega en el hotel:<\/h2>\n<p>Rel\u00e1jese en el viaje de vuelta y disfrute del servicio de recogida en el hotel. <\/p>\n<\/section>\n<h2 class=\"translation-block\">Destacados del tour<\/h2>\n                                                \n                            <section>\n<h2>Todo incluido y privado: Ambos sitios, almuerzo, entradas, transporte incluidos.<\/h2>\n<\/section>\n                                                \n                            <section>\n<h2>Gu\u00eda experto de habla inglesa: Incluido para dar vida a cada historia.<\/h2>\n<\/section>\n                                                \n                            <section>\n<h2>Narraci\u00f3n inmersiva: Dentro de la Catedral de Sal: fe, arte, tradiciones mineras.<\/h2>\n<\/section>\n                                                \n                            <section>\n<h2>Narrativa completa de El Dorado: en Guatavita, con los mejores miradores.<\/h2>\n<\/section>\n                                                \n                            <section>\n<h2>Momentos claros y elegantes: Consejos sobre comida, fotos y log\u00edstica sin esfuerzo.<\/h2>\n<\/section>\n<h2 class=\"translation-block\">Detalles Clave<\/h2>\n<h2 class=\"translation-block\">Qu\u00e9 opinan  <span style=\"color: #135891\">nuestros Invitados<\/span><\/h2>\n<h2>\n\t\t\tReserve su d\u00eda privado en Zipaquir\u00e1 y Guatavita\t<\/h2>\n\t<p>Las plazas son limitadas para que los grupos sean peque\u00f1os y la experiencia personal. Reserve su d\u00eda con todo incluido -Catedral de Sal, almuerzo y Lago Guatavita- con un gu\u00eda de habla inglesa.<\/p>\n\t<section>\n    <a href=\"https:\/\/cielo.travel\/es\/pongase-en-contacto-con\/\">Cont\u00e1ctanos<\/a>\n    <a href=\"#booking\">Reserve ahora<\/a>\n<\/section>\n<figure itemscope itemtype=\"https:\/\/schema.org\/ImageObject\">\n\t\t\t\t<img decoding=\"async\" src=\"https:\/\/cielo.travel\/wp-content\/uploads\/2025\/10\/FAQ-section-image.jpg\" alt=\"Imagen de la secci\u00f3n FAQ\" height=\"1200\" width=\"1200\" title=\"Imagen de la secci\u00f3n FAQ\" onerror=\"this.style.display='none'\" loading=\"lazy\" \/>\n\t<\/figure>\n<h2>\n\t\t\tFAQs\t<\/h2>\n\t<p><b>\u00bfQu\u00e9 est\u00e1 incluido y qu\u00e9 no?<\/b><\/p>\n\t<p>Incluye: recogida\/devoluci\u00f3n en hotel privado, gu\u00eda de habla inglesa, entradas a la Catedral de Sal de Zipaquir\u00e1 y al Parque Natural del Lago Guatavita, almuerzo al estilo colombiano y seguro a todo riesgo. No incluye: desayuno, bebidas adicionales, recuerdos y propinas.<\/p>\n\t<p><b>\u00bfHasta qu\u00e9 punto es exigente el d\u00eda?<\/b><\/p>\n\t<p>La visita a la catedral es en su mayor parte llana y subterr\u00e1nea; el lago implica un corto sendero de altura por encima de los 3.000 m. Mantenemos un ritmo f\u00e1cil con descansos. Lleve calzado c\u00f3modo, agua, protecci\u00f3n solar y una chaqueta ligera.<\/p>\n\t<p>\u00bfSon los cierres o el tiempo un problema?<\/p>\n\t<p>El lago Guatavita est\u00e1 cerrado los lunes (o los martes si el lunes es fiesta nacional). En las fechas de cierre ajustamos el horario u ofrecemos paradas culturales comparables. La visita se realiza con lluvia o sol; la catedral es subterr\u00e1nea y la zona del lago puede estar fresca y ventosa.<\/p>\n\t<p>\u00bfMe ayudar\u00e1 la gu\u00eda a conectarme localmente?<\/p>\n\t<p>S\u00ed: su gu\u00eda le guiar\u00e1 en ingl\u00e9s de principio a fin, le explicar\u00e1 los men\u00fas durante el almuerzo y le ayudar\u00e1 a interactuar con los vendedores y el personal del parque para que se sienta seguro a la hora de pedir, hacer preguntas y aprovechar al m\u00e1ximo cada parada.<\/p>\n<h2>\n\t\t\t\u00bfListo para vivir el coraz\u00f3n salvaje de Bogot\u00e1?\t<\/h2>\n\t<p>Reserve ahora con Cielo Travel, donde la aventura se une a la autenticidad.<\/p>","protected":false},"excerpt":{"rendered":"<p>Bogot\u00e1 Bogot\u00e1\u00b4s Best Private Day Trip: Salt Cathedral &#038; Guatavita Lagoon Two Colombian wonders in one day tour (10h) &#8211; from $107\/person (price varies by group size) Underground cathedral + sacred lagoon + lunch + English guide + transport included. Book Now Chat With Us \u2605 4.9 from 1,200+ reviews \u00b7 62 TripAdvisor reviews \u00b7&hellip;<\/p>","protected":false},"author":1,"featured_media":0,"parent":671,"menu_order":0,"comment_status":"closed","ping_status":"closed","template":"","meta":{"_acf_changed":false,"inline_featured_image":false,"footnotes":""},"class_list":["post-2604","page","type-page","status-publish","hentry"],"acf":[],"_links":{"self":[{"href":"https:\/\/cielo.travel\/es\/wp-json\/wp\/v2\/pages\/2604","targetHints":{"allow":["GET"]}}],"collection":[{"href":"https:\/\/cielo.travel\/es\/wp-json\/wp\/v2\/pages"}],"about":[{"href":"https:\/\/cielo.travel\/es\/wp-json\/wp\/v2\/types\/page"}],"author":[{"embeddable":true,"href":"https:\/\/cielo.travel\/es\/wp-json\/wp\/v2\/users\/1"}],"replies":[{"embeddable":true,"href":"https:\/\/cielo.travel\/es\/wp-json\/wp\/v2\/comments?post=2604"}],"version-history":[{"count":7,"href":"https:\/\/cielo.travel\/es\/wp-json\/wp\/v2\/pages\/2604\/revisions"}],"predecessor-version":[{"id":5185,"href":"https:\/\/cielo.travel\/es\/wp-json\/wp\/v2\/pages\/2604\/revisions\/5185"}],"up":[{"embeddable":true,"href":"https:\/\/cielo.travel\/es\/wp-json\/wp\/v2\/pages\/671"}],"wp:attachment":[{"href":"https:\/\/cielo.travel\/es\/wp-json\/wp\/v2\/media?parent=2604"}],"curies":[{"name":"wp","href":"https:\/\/api.w.org\/{rel}","templated":true}]}}