{"id":2861,"date":"2025-09-20T07:20:38","date_gmt":"2025-09-20T07:20:38","guid":{"rendered":"https:\/\/cielo.travel\/?page_id=2861"},"modified":"2025-09-20T07:24:48","modified_gmt":"2025-09-20T07:24:48","slug":"dayana-parra","status":"publish","type":"page","link":"https:\/\/cielo.travel\/es\/dayana-parra\/","title":{"rendered":"Dayana Parra"},"content":{"rendered":"<a href=\"\" target=\"_self\">\n\t\t\t\t\t\t\tConoce a nuestro equipo\n\t\t\t\t\t<\/a>\n<h1>\n\t\t\tDayana Parra\t<\/h1>\n\t<p>Redactor creativo y jefe de campa\u00f1a<\/p>\n\t\t\t\t<img decoding=\"async\" src=\"https:\/\/cielo.travel\/wp-content\/uploads\/2025\/09\/dayana-parra.jpg\" alt=\"dayana parra\" itemprop=\"image\" height=\"938\" width=\"730\" title=\"dayana parra\" onerror=\"this.style.display='none'\" loading=\"lazy\" \/>\n\t<p>Soy una comunicadora social y periodista apasionada por la estrategia creativa, el marketing digital y las redes sociales. Dirijo campa\u00f1as desde la planificaci\u00f3n hasta la ejecuci\u00f3n y doy vida a las ideas a trav\u00e9s de la escritura, la voz en off y los contenidos multimedia. Creo en el poder de los mensajes contundentes y de una gran narrativa para causar impacto.<\/p>","protected":false},"excerpt":{"rendered":"<p>Conoce a nuestro equipo Dayana Parra Redactora creativa y responsable de campa\u00f1as Soy una comunicadora social y periodista apasionada por la estrategia creativa, el marketing digital y las redes sociales. Dirijo campa\u00f1as desde la planificaci\u00f3n hasta la ejecuci\u00f3n y doy vida a las ideas a trav\u00e9s de la escritura, la voz en off y el contenido multimedia. Creo en el poder de los mensajes contundentes y de una gran narrativa...<\/p>","protected":false},"author":1,"featured_media":0,"parent":0,"menu_order":0,"comment_status":"closed","ping_status":"closed","template":"","meta":{"_acf_changed":false,"inline_featured_image":false,"footnotes":""},"class_list":["post-2861","page","type-page","status-publish","hentry"],"acf":[],"_links":{"self":[{"href":"https:\/\/cielo.travel\/es\/wp-json\/wp\/v2\/pages\/2861","targetHints":{"allow":["GET"]}}],"collection":[{"href":"https:\/\/cielo.travel\/es\/wp-json\/wp\/v2\/pages"}],"about":[{"href":"https:\/\/cielo.travel\/es\/wp-json\/wp\/v2\/types\/page"}],"author":[{"embeddable":true,"href":"https:\/\/cielo.travel\/es\/wp-json\/wp\/v2\/users\/1"}],"replies":[{"embeddable":true,"href":"https:\/\/cielo.travel\/es\/wp-json\/wp\/v2\/comments?post=2861"}],"version-history":[{"count":0,"href":"https:\/\/cielo.travel\/es\/wp-json\/wp\/v2\/pages\/2861\/revisions"}],"wp:attachment":[{"href":"https:\/\/cielo.travel\/es\/wp-json\/wp\/v2\/media?parent=2861"}],"curies":[{"name":"wp","href":"https:\/\/api.w.org\/{rel}","templated":true}]}}