{"id":3408,"date":"2025-10-13T14:42:11","date_gmt":"2025-10-13T14:42:11","guid":{"rendered":"https:\/\/cielo.travel\/?page_id=3408"},"modified":"2025-10-20T14:53:08","modified_gmt":"2025-10-20T14:53:08","slug":"villa-de-lujo-de-leyva-tour","status":"publish","type":"page","link":"https:\/\/cielo.travel\/es\/best-colombia-tours\/luxury-villa-de-leyva-tour\/","title":{"rendered":"Tour de Lujo Villa de Leyva: Joyas Coloniales y Escapada a la Naturaleza"},"content":{"rendered":"<a href=\"\" target=\"_self\">\n\t\t\t\t\t\t\tBogot\u00e1\n\t\t\t\t\t<\/a>\n<h1>\n\t\t\tVilla de Leyva Aventura Privada de Lujo: Historia, Naturaleza y Encanto\t<\/h1>\n\t<p>Esc\u00e1pese de la ciudad en una excursi\u00f3n premium de un d\u00eda. Marav\u00edllate con la presa del Sisga, explora la artesan\u00eda de R\u00e1quira, descubre f\u00f3siles, admira Pozos Azules y pasea por el coraz\u00f3n colonial de Villa de Leyva con servicio VIP.<\/p>\n    Por favor, active javascript en su navegador para reservar\n<h2>\n\t\t\tPor qu\u00e9 Villa de Leyva\t<\/h2>\n\t<p>Deje atr\u00e1s Bogot\u00e1 para una inolvidable escapada de 12 horas dise\u00f1ada exclusivamente para viajeros que buscan refinamiento y autenticidad. Su d\u00eda comienza con la recogida privada y la comodidad de un transporte de lujo, marcando el tono de una experiencia dise\u00f1ada con privacidad y estilo en su n\u00facleo.<\/p>\n<p>Su primera parada es la serena presa del Sisga, donde las tranquilas aguas y los verdes paisajes circundantes le dan la bienvenida a la campi\u00f1a andina de Colombia. Desde all\u00ed, viajar\u00e1 a R\u00e1quira, una vibrante ciudad artesanal llena de colores, artesan\u00eda de barro y el aroma de las panader\u00edas tradicionales. Pasee por sus pintorescas calles, compre cer\u00e1mica hecha a mano y sienta el pulso del patrimonio cultural colombiano de una forma \u00edntima y sin prisas.<\/p>\n<p>A continuaci\u00f3n, descubra el pasado en el Museo de F\u00f3siles, donde antiguas reliquias marinas cuentan la historia de una regi\u00f3n que anta\u00f1o estuvo bajo el mar. El viaje contin\u00faa en los et\u00e9reos Pozos Azules, brillantes pozas turquesas escondidas entre \u00e1ridas colinas, una aut\u00e9ntica maravilla natural perfecta para hacer fotos y reflexionar en silencio.<\/p>\n<p>Su aventura concluye en Villa de Leyva, una de las ciudades coloniales m\u00e1s bellas de Latinoam\u00e9rica. Pasee por sus calles empedradas, admire las fachadas encaladas y los balcones repletos de buganvillas, y as\u00f3mbrese ante la Plaza Mayor, la mayor plaza adoquinada de Sudam\u00e9rica.<\/p>\n<p>A lo largo del d\u00eda, un gu\u00eda privado se encargar\u00e1 de todos los detalles, equilibrando el descubrimiento cultural con el ocio y la comodidad. No se trata de una excursi\u00f3n en grupo, sino de un viaje de lujo a medida dise\u00f1ado para que conozca el patrimonio de Colombia a su manera: con elegancia, privacidad y a su propio ritmo.<\/p>\n\t<section>\n    <a href=\"https:\/\/cielo.travel\/es\/pongase-en-contacto-con\/\">Cont\u00e1ctanos<\/a>\n    <a href=\"#booking\">Reserve ahora<\/a>\n<\/section>\n<h2 class=\"translation-block\">Qu\u00e9 puedes espera<\/h2>\n                                                \n                            <section>\n<h2> Recogida privada y viaje de lujo:<\/h2>\n<p>Comience su viaje de 12 horas con total comodidad, con recogida en el hotel y transporte exclusivo.<\/p>\n<\/section>\n                                                \n                            <section>\n<h2>Vistas panor\u00e1micas de la presa de Sisga:<\/h2>\n<p>Det\u00e9ngase en las tranquilas aguas enmarcadas por exuberantes colinas andinas, una primera visi\u00f3n perfecta de la campi\u00f1a colombiana.<\/p>\n<\/section>\n                                                \n                            <section>\n<h2>R\u00e1quira artesana de colores:<\/h2>\n<p>Pasee por vibrantes calles llenas de cer\u00e1mica hecha a mano, artesan\u00eda y patrimonio colombiano en cada esquina.<\/p>\n<\/section>\n                                                \n                            <section>\n<h2>Visita al Museo de F\u00f3siles Antiguos:<\/h2>\n<p>Viaje en el tiempo explorando f\u00f3siles marinos y secretos prehist\u00f3ricos en un entorno privado y cuidado.<\/p>\n<\/section>\n                                                \n                            <section>\n<h2>M\u00e1gica parada de Pozos Azules:<\/h2>\n<p>Descubra surrealistas pozas turquesas escondidas entre colinas secas, ideales para hacer fotos y reflexionar tranquilamente.<\/p>\n<\/section>\n                                                \n                            <section>\n<h2>Exploraci\u00f3n de Villa de Leyva:<\/h2>\n<p>Camine por los adoquines coloniales, admire la gran Plaza Mayor y disfrute de un final de d\u00eda pausado y elegante.<\/p>\n<\/section>\n<h2 class=\"translation-block\">\u00bfPor qu\u00e9 reservar <span style=\"color: #135891\">con nosotros?<\/span><\/h2>\n<h2 class=\"translation-block\">Destacados del tour<\/h2>\n                                                \n                            <section>\n<h2>Serena parada en la presa de Sisga: Admire las tranquilas aguas y los paisajes andinos mientras comienza su viaje de lujo.<\/h2>\n<\/section>\n                                                \n                            <section>\n<h2>Colorido pueblo de R\u00e1quira: Pasea por calles artesanales llenas de objetos de barro y vibrante cultura colombiana.<\/h2>\n<\/section>\n                                                \n                            <section>\n<h2>Museo de F\u00f3siles Antiguos: Descubre la vida marina prehist\u00f3rica y los secretos conservados durante millones de a\u00f1os.<\/h2>\n<\/section>\n                                                \n                            <section>\n<h2>Pozos Azules de ensue\u00f1o: Marav\u00edllese ante surrealistas pozas turquesas escondidas entre \u00e1ridas colinas y naturaleza tranquila.<\/h2>\n<\/section>\n                                                \n                            <section>\n<h2>Villa Colonial de Leyva: Villa Colonial de Leyva - Explora las calles empedradas y la plaza de piedra m\u00e1s grande de Sudam\u00e9rica.<\/h2>\n<\/section>\n<h2>\n\t\t\t\u00bfPara qui\u00e9n es este tour?\t<\/h2>\n\t<p>Este viaje privado de lujo est\u00e1 dise\u00f1ado para viajeros que buscan algo m\u00e1s que hacer turismo: es para aquellos que anhelan la inmersi\u00f3n cultural, la comodidad y la exclusividad. Perfecto para parejas, familias o grupos peque\u00f1os que deseen explorar la elegancia colonial de Colombia sin las multitudes. Ideal para amantes de la fotograf\u00eda, entusiastas de la historia y admiradores de la naturaleza atra\u00eddos por paisajes impresionantes. Con un servicio personalizado, orientaci\u00f3n experta y un ritmo relajado, ofrece una escapada inolvidable y sofisticada.<\/p>\n<h2 class=\"translation-block\">Detalles Clave<\/h2>\n<h2>\n\t\t\tReserve su D\u00eda Privado en Villa de Leyva\t<\/h2>\n\t<p>Conozca el patrimonio de Colombia con estilo. Este tour privado de d\u00eda completo por Villa de Leyva combina cultura, comodidad y encanto paisaj\u00edstico, dise\u00f1ado para viajeros que valoran la exclusividad y los detalles.<\/p>\n\t<section>\n    <a href=\"https:\/\/cielo.travel\/es\/pongase-en-contacto-con\/\">Cont\u00e1ctanos<\/a>\n    <a href=\"#booking\">Reserve ahora<\/a>\n<\/section>\n\t\t\t\t<img decoding=\"async\" src=\"https:\/\/cielo.travel\/wp-content\/uploads\/2025\/10\/FAQ-Image-Leyva.jpg\" alt=\"Preguntas frecuentes - Image-Leyva\" itemprop=\"image\" height=\"1440\" width=\"1080\" title=\"Preguntas frecuentes - Image-Leyva\" onerror=\"this.style.display='none'\" loading=\"lazy\" \/>\n<h2>\n\t\t\tFAQs\t<\/h2>\n\t<p>\u00bfQu\u00e9 debo llevar para el Tour Villa de Leyva?<\/p>\n\t<p>Lo mejor es llevar ropa c\u00f3moda para esta experiencia de 12 horas. Lleve una chaqueta ligera, sombrero, crema solar y calzado para caminar y explorar calles adoquinadas y paisajes abiertos con total comodidad.<\/p>\n\t<p>\u00bfCu\u00e1nto dura el Tour Privado de un D\u00eda a Villa de Leyva?<\/p>\n\t<p>Esta experiencia exclusiva dura unas 12 horas y ofrece un viaje sin interrupciones por el campo, museos, ciudades artesanales y lugares emblem\u00e1ticos, todo ello a un ritmo relajado y privado.<\/p>\n\t<p>\u00bfEs esta visita privada adecuada para familias?<\/p>\n\t<p>Absolutamente. Con horarios flexibles, transporte privado y atenci\u00f3n personalizada, esta experiencia es ideal para familias, parejas y grupos peque\u00f1os que disfrutan de la comodidad y la conexi\u00f3n.<\/p>\n\t<p>\u00bfEst\u00e1n incluidas las comidas durante el viaje?<\/p>\n\t<p>S\u00ed, el desayuno y el almuerzo est\u00e1n incluidos. Disfrutar\u00e1 de aut\u00e9nticos sabores colombianos en encantadores restaurantes locales, seleccionados por su calidad y ambiente.<\/p>\n<h2>\n\t\t\t\u00bfListo para vivir el coraz\u00f3n salvaje de Bogot\u00e1?\t<\/h2>\n\t<p>Reserve ahora con Cielo Travel, donde la aventura se une a la autenticidad.<\/p>","protected":false},"excerpt":{"rendered":"<p>Bogot\u00e1 Villa de Leyva Aventura Privada de Lujo: Historia, Naturaleza y Encanto Esc\u00e1pate de la ciudad en una excursi\u00f3n de un d\u00eda. Marav\u00edllese con la Represa del Sisga, explore la artesan\u00eda de R\u00e1quira, descubra f\u00f3siles, admire los Pozos Azules y pasee por el coraz\u00f3n colonial de Villa de Leyva con servicio VIP. Por favor habilite javascript en su navegador para reservar el Tour Why Villa de Leyva...<\/p>","protected":false},"author":1,"featured_media":0,"parent":671,"menu_order":0,"comment_status":"closed","ping_status":"closed","template":"","meta":{"_acf_changed":false,"inline_featured_image":false,"footnotes":""},"class_list":["post-3408","page","type-page","status-publish","hentry"],"acf":[],"_links":{"self":[{"href":"https:\/\/cielo.travel\/es\/wp-json\/wp\/v2\/pages\/3408","targetHints":{"allow":["GET"]}}],"collection":[{"href":"https:\/\/cielo.travel\/es\/wp-json\/wp\/v2\/pages"}],"about":[{"href":"https:\/\/cielo.travel\/es\/wp-json\/wp\/v2\/types\/page"}],"author":[{"embeddable":true,"href":"https:\/\/cielo.travel\/es\/wp-json\/wp\/v2\/users\/1"}],"replies":[{"embeddable":true,"href":"https:\/\/cielo.travel\/es\/wp-json\/wp\/v2\/comments?post=3408"}],"version-history":[{"count":0,"href":"https:\/\/cielo.travel\/es\/wp-json\/wp\/v2\/pages\/3408\/revisions"}],"up":[{"embeddable":true,"href":"https:\/\/cielo.travel\/es\/wp-json\/wp\/v2\/pages\/671"}],"wp:attachment":[{"href":"https:\/\/cielo.travel\/es\/wp-json\/wp\/v2\/media?parent=3408"}],"curies":[{"name":"wp","href":"https:\/\/api.w.org\/{rel}","templated":true}]}}