{"id":3710,"date":"2025-10-28T14:37:58","date_gmt":"2025-10-28T14:37:58","guid":{"rendered":"https:\/\/cielo.travel\/?page_id=3710"},"modified":"2025-12-14T04:44:04","modified_gmt":"2025-12-14T04:44:04","slug":"visita-de-la-ciudad-de-cali","status":"publish","type":"page","link":"https:\/\/cielo.travel\/es\/best-colombia-tours\/cali-city-tour\/","title":{"rendered":"Cali City Tour: Explora los rincones secretos de la capital de la salsa"},"content":{"rendered":"<a href=\"\" target=\"_self\">\n\t\t\t\t\t\t\tBogot\u00e1\n\t\t\t\t\t<\/a>\n<h1>\n\t\t\tCali City Tour: Explora los rincones secretos de la capital de la salsa\t<\/h1>\n\t<p>Experimente el esp\u00edritu de Cali en una visita guiada por la ciudad que mezcla ritmo, historia y sabor. Desde los monumentos locales hasta los vibrantes barrios, descubra las historias que hacen de esta ciudad la Sucursal del Cielo.<\/p>\n    Por favor, active javascript en su navegador para reservar\n<h2>\n\t\t\t\u00bfPor qu\u00e9 vivir el Cali City Tour?\t<\/h2>\n\t<p>Vivir el Cali City Tour es sentir el pulso de una ciudad que nunca pierde el ritmo. Cali -conocida como *la capital colombiana de la salsa* y cari\u00f1osamente llamada *la sucursal del cielo* - es una vibrante mezcla de historia, sabor y m\u00fasica. Cada calle cuenta una historia, cada esquina se mueve al comp\u00e1s de un ritmo y cada sonrisa refleja el alma de la ciudad.<\/p>\n<p>Este tour le invita a vivirlo todo en un viaje inolvidable: recorridos panor\u00e1micos por el moderno perfil de Cali, paseos por su coraz\u00f3n colonial y aut\u00e9nticas degustaciones que capturan su esencia culinaria. Junto a un apasionado gu\u00eda local, explorar\u00e1 lugares emblem\u00e1ticos, coloridos barrios y la energ\u00eda cotidiana que hace de Cali una de las ciudades m\u00e1s vivas de Am\u00e9rica Latina.<\/p>\n<p>Tanto si le atrae su m\u00fasica, su arte o su cultura, el Cali City Tour promete un equilibrio perfecto entre narraci\u00f3n e inmersi\u00f3n. No es s\u00f3lo una visita, es una conexi\u00f3n con la calidez, el ritmo y el encanto que definen a la ciudad m\u00e1s alegre de Colombia.<\/p>\n\t<section>\n    <a href=\"https:\/\/cielo.travel\/es\/pongase-en-contacto-con\/\">Cont\u00e1ctanos<\/a>\n    <a href=\"#booking\">Reserve ahora<\/a>\n<\/section>\n<h2 class=\"translation-block\">Qu\u00e9 puedes espera<\/h2>\n                                                \n                            <section>\n<h2>Descubre la vibrante energ\u00eda de Cali:<\/h2>\n<p>Comience el d\u00eda explorando los lugares m\u00e1s emblem\u00e1ticos de la ciudad y sienta el pulso de la capital colombiana de la salsa.<\/p>\n<\/section>\n                                                \n                            <section>\n<h2>Vistas panor\u00e1micas e hitos modernos:<\/h2>\n<p>Recorra el horizonte de Cali y descubra las historias que se esconden tras monumentos, plazas y tesoros culturales.<\/p>\n<\/section>\n                                                \n                            <section>\n<h2>Entre en la Historia:<\/h2>\n<p>Pasee por el coraz\u00f3n del centro hist\u00f3rico de Cali y admire la arquitectura que cuenta siglos de historias locales.<\/p>\n<\/section>\n                                                \n                            <section>\n<h2>Saboree las tradiciones locales:<\/h2>\n<p>Disfrute de una degustaci\u00f3n de aut\u00e9nticos sabores de Cali: dulces, tropicales e inolvidables.<\/p>\n<\/section>\n                                                \n                            <section>\n<h2>Un paseo por el arte y la cultura:<\/h2>\n<p>Descubra murales, edificios coloniales y esculturas que reflejan la identidad art\u00edstica de Cali.<\/p>\n<\/section>\n                                                \n                            <section>\n<h2>Acaba con el encanto de San Antonio:<\/h2>\n<p>Termine su recorrido en el barrio m\u00e1s emblem\u00e1tico de Cali, donde las vibraciones coloniales se encuentran con el alma bohemia.<\/p>\n<\/section>\n<h2 class=\"translation-block\">\u00bfPor qu\u00e9 reservar <span style=\"color: #135891\">con nosotros?<\/span><\/h2>\n<h2 class=\"translation-block\">Destacados del tour<\/h2>\n                                                \n                            <section>\n<h2>Visite monumentos clave: Como Cristo Rey, Gato del R\u00edo y La Ermita, s\u00edmbolos del vibrante esp\u00edritu de la ciudad.<\/h2>\n<\/section>\n                                                \n                            <section>\n<h2>Paseo por la historia: Descubre las historias ocultas de Cali en el encantador centro hist\u00f3rico de la ciudad.<\/h2>\n<\/section>\n                                                \n                            <section>\n<h2>Pruebe los sabores de Cali: Deguste dulces tradicionales y productos locales que reflejan la alegre cultura de la regi\u00f3n.<\/h2>\n<\/section>\n                                                \n                            <section>\n<h2>Siente el Ritmo de Cali: Experimenta la energ\u00eda que hace de Cali la Capital Mundial de la Salsa.<\/h2>\n<\/section>\n                                                \n                            <section>\n<h2>Final en San Antonio: Pasea por el barrio m\u00e1s emblem\u00e1tico de Cali, conocido por su arte y su alma bohemia.<\/h2>\n<\/section>\n<h2>\n\t\t\t\u00bfPara qui\u00e9n es este tour?\t<\/h2>\n\t<p>Esta experiencia est\u00e1 hecha para viajeros que quieren sentir de verdad Cali - la \u201cCapital de la Salsa\u201d de Colombia. Perfecto para parejas, familias o amigos que buscan mezclar cultura, ritmo y sabor en un d\u00eda inolvidable. Ideal para aquellos que aman explorar ciudades a trav\u00e9s de su gente, historias y sabores. Desde calles coloridas y vistas panor\u00e1micas hasta dulces sabores locales y rincones llenos de baile, este tour conecta a cada visitante con el alma c\u00e1lida y alegre de Cali.<\/p>\n<h2 class=\"translation-block\">Detalles Clave<\/h2>\n<h2>\n\t\t\tReserve su tour por la ciudad de Cali\t<\/h2>\n\t<p>Las plazas son limitadas para mantener los grupos peque\u00f1os y la experiencia personal. Reserve su d\u00eda ahora y descubra el ritmo, el sabor y el coraz\u00f3n de Cali-La Sucursal del Cielo.<\/p>\n\t<section>\n    <a href=\"https:\/\/cielo.travel\/es\/pongase-en-contacto-con\/\">Cont\u00e1ctanos<\/a>\n    <a href=\"#booking\">Reserve ahora<\/a>\n<\/section>\n\t\t\t\t<img decoding=\"async\" src=\"https:\/\/cielo.travel\/wp-content\/uploads\/2025\/10\/FAQs-Image-2.jpg\" alt=\"Preguntas frecuentes - Imagen\" itemprop=\"image\" height=\"1227\" width=\"1080\" title=\"Preguntas frecuentes - Imagen\" onerror=\"this.style.display='none'\" loading=\"lazy\" \/>\n<h2>\n\t\t\tFAQs\t<\/h2>\n\t<p>\u00bfEs este recorrido apto para todos los niveles de forma f\u00edsica?<\/p>\n\t<p>S\u00ed. El Cali City Tour combina caminatas ligeras con c\u00f3modos paseos en coche. La mayor\u00eda de las rutas son llanas y accesibles, lo que permite que visitantes de todas las edades puedan disfrutarlo sin esfuerzo f\u00edsico.<\/p>\n\t<p>\u00bfCu\u00e1l es la mejor hora del d\u00eda para hacer el recorrido?<\/p>\n\t<p>Por la ma\u00f1ana o a primera hora de la tarde es ideal para disfrutar de un tiempo m\u00e1s fresco, unas vistas m\u00e1s despejadas y un ritmo de ciudad m\u00e1s relajado, sobre todo antes de que la escena salsera nocturna se apodere de las calles de Cali.<\/p>\n\t<p>\u00bfHabr\u00e1 oportunidades para hacer fotos o ir de compras?<\/p>\n\t<p>S\u00ed, \u00a1varios! Durante el recorrido a pie y las paradas para degustaciones locales, encontrar\u00e1 coloridos rincones para hacer fotos, puestos de artesan\u00eda y peque\u00f1as tiendas donde podr\u00e1 comprar recuerdos locales hechos a mano.<\/p>\n\t<p>\u00bfQu\u00e9 hace que este tour sea diferente de otros en Cali?<\/p>\n\t<p>Este recorrido combina la vibrante energ\u00eda de la ciudad con aut\u00e9nticos conocimientos locales. A diferencia de los tours est\u00e1ndar, revela rincones ocultos, te conecta con la vida cotidiana y celebra la cultura viva de Cali.<\/p>\n<h2>\n\t\t\t\u00bfListo para vivir el coraz\u00f3n salvaje de Bogot\u00e1?\t<\/h2>\n\t<p>Reserve ahora con Cielo Travel, donde la aventura se une a la autenticidad.<\/p>","protected":false},"excerpt":{"rendered":"<p>Bogot\u00e1 Cali City Tour: Explora los rincones secretos de la capital de la salsa Vive el esp\u00edritu de Cali en una visita guiada por la ciudad que mezcla ritmo, historia y sabor. Desde los monumentos locales hasta los vibrantes barrios, descubre las historias que hacen de esta ciudad la Sucursal del Cielo. Por favor habilite javascript en su navegador para reservar \u00bfPor qu\u00e9 vivir el Cali City Tour? Para vivir...<\/p>","protected":false},"author":1,"featured_media":0,"parent":671,"menu_order":0,"comment_status":"closed","ping_status":"closed","template":"","meta":{"_acf_changed":false,"inline_featured_image":false,"footnotes":""},"class_list":["post-3710","page","type-page","status-publish","hentry"],"acf":[],"_links":{"self":[{"href":"https:\/\/cielo.travel\/es\/wp-json\/wp\/v2\/pages\/3710","targetHints":{"allow":["GET"]}}],"collection":[{"href":"https:\/\/cielo.travel\/es\/wp-json\/wp\/v2\/pages"}],"about":[{"href":"https:\/\/cielo.travel\/es\/wp-json\/wp\/v2\/types\/page"}],"author":[{"embeddable":true,"href":"https:\/\/cielo.travel\/es\/wp-json\/wp\/v2\/users\/1"}],"replies":[{"embeddable":true,"href":"https:\/\/cielo.travel\/es\/wp-json\/wp\/v2\/comments?post=3710"}],"version-history":[{"count":0,"href":"https:\/\/cielo.travel\/es\/wp-json\/wp\/v2\/pages\/3710\/revisions"}],"up":[{"embeddable":true,"href":"https:\/\/cielo.travel\/es\/wp-json\/wp\/v2\/pages\/671"}],"wp:attachment":[{"href":"https:\/\/cielo.travel\/es\/wp-json\/wp\/v2\/media?parent=3710"}],"curies":[{"name":"wp","href":"https:\/\/api.w.org\/{rel}","templated":true}]}}