{"id":4554,"date":"2026-01-16T04:17:33","date_gmt":"2026-01-16T04:17:33","guid":{"rendered":"https:\/\/cielo.travel\/?page_id=4554"},"modified":"2026-03-31T04:22:04","modified_gmt":"2026-03-31T04:22:04","slug":"paquete-de-diseno-de-viaje-a-colombia","status":"publish","type":"page","link":"https:\/\/cielo.travel\/es\/colombia-trip-design-package\/","title":{"rendered":"Paquete de Dise\u00f1o de Viaje a Colombia"},"content":{"rendered":"<h1>\n\t\t\tPaquete de viaje a Colombia\t<\/h1>\n\t<p>Adapt\u00e1ndonos a tu ritmo d\u00eda a d\u00eda \u25cf Planificaci\u00f3n estructurada con un servicio de conserjer\u00eda de primera clase \u25cf Una ronda de revisiones<\/p>\n<h2>\n\t\t\tYour Custom Colombia Itinerary\t<\/h2>\n\t<p>Para parejas, familias, amigos, equipos de empresas y grupos universitarios que deseen un itinerario personalizado y un plan log\u00edstico elaborado por un equipo de primera categor\u00eda que antepone la seguridad.<\/p>\n<h1>\n\t\t\tTell Us About Your Trip, We&#8217;ll Handle the Structure\t<\/h1>\n\t<ul>\n<li aria-level=\"1\">Fechas o ventana de fechas, y destinos<\/li>\n<li aria-level=\"1\">N\u00famero de viajeros, edades y notas de movilidad<\/li>\n<li aria-level=\"1\">Rango de precios<\/li>\n<li aria-level=\"1\">Estilo de hotel, boutique o lujo, necesidades de habitaciones, sala de reuniones si aplica<\/li>\n<li aria-level=\"1\">Prioridades: cultura, naturaleza, bienestar, objetivos de aprendizaje, etc.<\/li>\n<li aria-level=\"1\">Requerimientos alimentarios y necesidades de accesibilidad<\/li>\n<li aria-level=\"1\">Preferencias de seguridad, llegadas tarde, necesidades VIP, etc.<\/li>\n<\/ul>\n\t\t\t<a href=\"https:\/\/pay.cielo.travel\/b\/4gMaEX5it3cr2Dtd2mdEs0b\"  target=\"_blank\" rel=\"noopener\">\n\t\t\t\t\t\t\tComprar paquete\n\t\t\t\t\t<\/a>\n\t<p>Phone consultation &#8211; $99 today. Credited 100% if you book.<\/p>\n<h2>\n\t\t\tWhat Happens Once You Pay\t<\/h2>\n                                                \n                            <section>\n<p>1<\/p>\n<h2>Continuamos con los siguientes pasos.<\/h2>\n<p>Una vez realizado el pago, nuestro equipo te enviar\u00e1 por correo electr\u00f3nico o mensaje un breve formulario de registro y te indicar\u00e1 los siguientes pasos.<\/p>\n<\/section>\n                                                \n                            <section>\n<p>2<\/p>\n<h2>T\u00fa completas la admisi\u00f3n.<\/h2>\n<p>Comparte tus fechas, n\u00famero de viajeros, estilo de viaje, actividades imprescindibles y presupuesto para que podamos dise\u00f1ar un plan preciso y ofrecerte un precio claro.<\/p>\n<\/section>\n                                                \n                            <section>\n<p>3<\/p>\n<h2>Consulta telef\u00f3nica<\/h2>\n<p>Acordamos las prioridades, el ritmo, el tipo de alojamiento, la log\u00edstica y cualquier requisito de seguridad o accesibilidad.<\/p>\n<\/section>\n                                                \n                            <section>\n<p>4<\/p>\n<h2>Itinerario personalizado y precios transparentes en d\u00f3lares estadounidenses<\/h2>\n<p>You&#8217;ll receive a clear day-by-day plan and pricing presented in an easy-to-review format.<\/p>\n<\/section>\n                                                \n                            <section>\n<p>5<\/p>\n<h2>If you&#8217;d like modifications<\/h2>\n<p>Env\u00edenos una lista consolidada con los cambios. Adaptaremos el itinerario y los precios para que se ajusten a las necesidades de su grupo.<\/p>\n<\/section>\n                                                \n                            <section>\n<p>6<\/p>\n<h2>Reserve cuando est\u00e9 listo, cr\u00e9dito aplicado.<\/h2>\n<p>Si contin\u00faa con cielo.travel, se le acreditar\u00e1n 100% a su $99 para el pago de su primera reserva, dep\u00f3sito o factura inicial.<\/p>\n<\/section>\n<h2>\n\t\t\tLo que recibir\u00e1s\t<\/h2>\n\t<ul>\n<li aria-level=\"1\">Consulta telef\u00f3nica, hasta 60 minutos<\/li>\n<li aria-level=\"1\">Dise\u00f1o de itinerarios personalizados\n<ul>\n<li aria-level=\"2\">Itinerario diario con experiencias seleccionadas que se adaptan a tu estilo y ritmo.<\/li>\n<li aria-level=\"2\">Plan log\u00edstico elaborado para Colombia<\/li>\n<li aria-level=\"2\">Traslados, rutas y horarios realistas.<\/li>\n<li aria-level=\"2\">Notas que reducen las fricciones para los viajeros internacionales, idioma, seguridad, llegadas sin complicaciones.<\/li>\n<\/ul>\n<\/li>\n<li aria-level=\"1\">Cotizaci\u00f3n clara en USD<\/li>\n<li aria-level=\"1\">Una ronda de ajustes, una lista consolidada de cambios<\/li>\n<li aria-level=\"1\">Clear next steps if you&#8217;d like to book<\/li>\n<\/ul>\n<h2>\n\t\t\tPremium y eficiente por dise\u00f1o\t<\/h2>\n\t<p>Esto es un proceso estructurado, tipo concierge, que te entrega un itinerario y un plan log\u00edstico con el que puedes avanzar con confianza, pensado para viajeros internacionales y personas que no hablan espa\u00f1ol.<\/p>\n<figure itemscope itemtype=\"https:\/\/schema.org\/ImageObject\">\n\t\t\t\t<img decoding=\"async\" src=\"https:\/\/cielo.travel\/wp-content\/uploads\/2026\/03\/500px-Eo_circle_green_checkmark.svg.png\" alt=\"500px-Eo_circle_green_checkmark.svg\" height=\"500\" width=\"500\" title=\"500px-Eo_circle_green_checkmark.svg\" onerror=\"this.style.display='none'\" loading=\"lazy\" \/>\n\t<\/figure>\n<h2>\n\t\t\tEsto es\t<\/h2>\n\tPlanificaci\u00f3n estructurada de nivel de conserjer\u00eda<br \/>\nPrecios claros<br \/>\nUna ronda de ajustes<br \/>\nDise\u00f1ado para viajeros internacionales\n<figure itemscope itemtype=\"https:\/\/schema.org\/ImageObject\">\n\t\t\t\t<img decoding=\"async\" src=\"https:\/\/cielo.travel\/wp-content\/uploads\/2026\/03\/500px-Cross_red_circle.svg.png\" alt=\"500px-Cross_red_circle.svg\" height=\"500\" width=\"500\" title=\"500px-Cross_red_circle.svg\" onerror=\"this.style.display='none'\" loading=\"lazy\" \/>\n\t<\/figure>\n<h2>\n\t\t\tEsto no es\t<\/h2>\n\tPlanificaci\u00f3n ilimitada<br \/>\nVarias franjas horarias<br \/>\nEmisi\u00f3n de billetes de avi\u00f3n<br \/>\nReservas definitivas antes del pago del dep\u00f3sito\n<h2>\n\t\t\tPor qu\u00e9 viajeros conf\u00edan en Cielo\t<\/h2>\n<h2 class=\"translation-block\">M\u00e1s de 1000 <span style=\"color: #135891\">rese\u00f1as en Google y TripAdvisor, y sumando...<\/span><\/h2>\n<h2>\n\t\t\tAparece en los principales medios de comunicaci\u00f3n y cuenta con la confianza de las mejores marcas.\t<\/h2>\n<h2>\n\t\t\tFAQs\t<\/h2>\n\t\t\t\t\t<h2 id=\"fl-accordion--label-0\">\u00bfLos $99 son reembolsables?<\/h2>\n\t\t\t\t\t\t\t\t\t\t\t<button type=\"button\" id=\"fl-accordion--icon-0\" aria-expanded=\"false\" aria-controls=\"fl-accordion--panel-0\"><i>Expand<\/i><\/button>\n\t\t\t\t\t<p>Se trata de un trabajo de planificaci\u00f3n profesional, por lo que no es reembolsable una vez que se inicia. Si determinamos que no podemos aceptar su solicitud antes de comenzar, por ejemplo, debido a restricciones de fecha o destino, le reembolsaremos el pago. Si no est\u00e1 seguro de si somos la opci\u00f3n adecuada, env\u00edenos un mensaje primero y le orientaremos.<\/p>\n\t\t\t\t\t<h2 id=\"fl-accordion--label-1\">\u00bfSe descuentan de la reserva?<\/h2>\n\t\t\t\t\t\t\t\t\t\t\t<button type=\"button\" id=\"fl-accordion--icon-1\" aria-expanded=\"false\" aria-controls=\"fl-accordion--panel-1\"><i>Expand<\/i><\/button>\n\t\t\t\t\t<p>S\u00ed, tu $99 se acredita como 100% para el pago de tu primera reserva, dep\u00f3sito o factura inicial, cuando realizas la gesti\u00f3n con cielo.travel. Esto hace que el paquete de dise\u00f1o sea un primer paso f\u00e1cil si realmente te interesa viajar. El cr\u00e9dito se aplica una vez por cada paquete adquirido.<\/p>\n\t\t\t\t\t<h2 id=\"fl-accordion--label-2\">\u00bfCu\u00e1nto tiempo es v\u00e1lido el cr\u00e9dito?<\/h2>\n\t\t\t\t\t\t\t\t\t\t\t<button type=\"button\" id=\"fl-accordion--icon-2\" aria-expanded=\"false\" aria-controls=\"fl-accordion--panel-2\"><i>Expand<\/i><\/button>\n\t\t\t\t\t<p>El cr\u00e9dito es v\u00e1lido durante 60 d\u00edas a partir de la entrega de su itinerario. Este plazo est\u00e1 dise\u00f1ado para darle tiempo a ponerse de acuerdo con sus compa\u00f1eros de viaje o con las partes interesadas internas. Si necesita m\u00e1s tiempo debido a circunstancias especiales, solic\u00edtelo y haremos todo lo posible por ser razonables.<\/p>\n\t\t\t\t\t<h2 id=\"fl-accordion--label-3\">\u00bfCu\u00e1ndo recibo mi itinerario?<\/h2>\n\t\t\t\t\t\t\t\t\t\t\t<button type=\"button\" id=\"fl-accordion--icon-3\" aria-expanded=\"false\" aria-controls=\"fl-accordion--panel-3\"><i>Expand<\/i><\/button>\n\t\t\t\t\t<p>Normalmente, en un plazo de 72 horas h\u00e1biles despu\u00e9s de completar su admisi\u00f3n y programar o completar su consulta. El tiempo puede variar en funci\u00f3n de la complejidad y la temporada, pero le mantendremos informado. Si tiene una fecha l\u00edmite, ind\u00edquenoslo con antelaci\u00f3n y le confirmaremos lo que es realista.<\/p>\n\t\t\t\t\t<h2 id=\"fl-accordion--label-4\">\u00bfQu\u00e9 incluye exactamente?<\/h2>\n\t\t\t\t\t\t\t\t\t\t\t<button type=\"button\" id=\"fl-accordion--icon-4\" aria-expanded=\"false\" aria-controls=\"fl-accordion--panel-4\"><i>Expand<\/i><\/button>\n\t\t\t\t\t<p>Recibir\u00e1s un itinerario personalizado d\u00eda a d\u00eda, un plan log\u00edstico dise\u00f1ado para Colombia y precios transparentes en d\u00f3lares estadounidenses presentados de forma clara. El objetivo es ofrecerte un plan sobre el que puedas decidir con confianza, no solo una lista de ideas. Tambi\u00e9n te indicaremos los siguientes pasos a seguir si deseas que organicemos el viaje.<\/p>\n\t\t\t\t\t<h2 id=\"fl-accordion--label-5\">\u00bfCu\u00e1ntos ajustes est\u00e1n incluidos?<\/h2>\n\t\t\t\t\t\t\t\t\t\t\t<button type=\"button\" id=\"fl-accordion--icon-5\" aria-expanded=\"false\" aria-controls=\"fl-accordion--panel-5\"><i>Expand<\/i><\/button>\n\t\t\t\t\t<p>Tienes derecho a una ronda de revisiones, basada en un conjunto consolidado de ediciones por tu parte. Esto mantiene la eficiencia del proceso y evita semanas de idas y venidas. Si el alcance cambia significativamente, te recomendaremos el siguiente paso m\u00e1s adecuado.<\/p>\n\t\t\t\t\t<h2 id=\"fl-accordion--label-6\">\u00bfQu\u00e9 pasa si cambian fechas, destinos o el n\u00famero de viajeros?<\/h2>\n\t\t\t\t\t\t\t\t\t\t\t<button type=\"button\" id=\"fl-accordion--icon-6\" aria-expanded=\"false\" aria-controls=\"fl-accordion--panel-6\"><i>Expand<\/i><\/button>\n\t\t\t\t\t<p>Los peque\u00f1os ajustes suelen poder realizarse durante la ronda de revisi\u00f3n. Los cambios m\u00e1s importantes, como nuevas fechas, nuevas rutas o cambios significativos en el tama\u00f1o del grupo, suelen requerir una revisi\u00f3n de la disponibilidad y los precios estimados. Si eso ocurre, seremos transparentes sobre lo que se puede actualizar dentro del alcance y lo que requiere una nueva etapa de planificaci\u00f3n.<\/p>\n\t\t\t\t\t<h2 id=\"fl-accordion--label-7\">\u00bfUstedes compran vuelos?<\/h2>\n\t\t\t\t\t\t\t\t\t\t\t<button type=\"button\" id=\"fl-accordion--icon-7\" aria-expanded=\"false\" aria-controls=\"fl-accordion--panel-7\"><i>Expand<\/i><\/button>\n\t\t\t\t\t<p>Podemos asesorarle sobre los horarios ideales de llegada y salida y c\u00f3mo los horarios de los vuelos afectan a la log\u00edstica. Sin embargo, no emitimos boletos de avi\u00f3n. Si ya tiene vuelos, dise\u00f1aremos el itinerario en funci\u00f3n de ellos. Si no los tiene, le aconsejaremos cu\u00e1les son los m\u00e1s adecuados.<\/p>\n\t\t\t\t\t<h2 id=\"fl-accordion--label-8\">\u00bfQu\u00e9 pasa si no sabemos cu\u00e1l es nuestro presupuesto?<\/h2>\n\t\t\t\t\t\t\t\t\t\t\t<button type=\"button\" id=\"fl-accordion--icon-8\" aria-expanded=\"false\" aria-controls=\"fl-accordion--panel-8\"><i>Expand<\/i><\/button>\n\t\t\t\t\t<p>Es habitual, la mayor\u00eda de los viajeros solo saben lo que es la comodidad. Ind\u00edquenos un rango aproximado o lo que desea priorizar, hoteles frente a experiencias, comodidad frente a eficiencia. Le propondremos un itinerario que se ajuste a sus necesidades y le daremos un precio claro para que pueda tomar una decisi\u00f3n con confianza.<\/p>\n\t\t\t\t\t<h2 id=\"fl-accordion--label-9\">\u00bfManejan necesidades alimentarias y de accesibilidad?<\/h2>\n\t\t\t\t\t\t\t\t\t\t\t<button type=\"button\" id=\"fl-accordion--icon-9\" aria-expanded=\"false\" aria-controls=\"fl-accordion--panel-9\"><i>Expand<\/i><\/button>\n\t\t\t\t\t<p>S\u00ed. Incluya en su solicitud cualquier requisito alimenticio, alergia, consideraciones de movilidad y necesidades de accesibilidad. Dise\u00f1aremos el itinerario y las recomendaciones en consecuencia y se\u00f1alaremos cualquier cosa que requiera una planificaci\u00f3n especial.<\/p>\n\t\t\t\t\t<h2 id=\"fl-accordion--label-10\">\u00bfPueden apoyarnos en ingl\u00e9s durante el viaje?<\/h2>\n\t\t\t\t\t\t\t\t\t\t\t<button type=\"button\" id=\"fl-accordion--icon-10\" aria-expanded=\"false\" aria-controls=\"fl-accordion--panel-10\"><i>Expand<\/i><\/button>\n\t\t\t\t\t<p>S\u00ed, ofrecemos asistencia biling\u00fce y dise\u00f1amos viajes espec\u00edficamente para viajeros internacionales. Esto incluye una log\u00edstica clara, una comunicaci\u00f3n fluida y una orientaci\u00f3n que funciona incluso si no hablas espa\u00f1ol. Si necesitas una asistencia m\u00e1s personalizada, h\u00e1znoslo saber y te propondremos el nivel de servicio adecuado.<\/p>\n<h2>\n\t\t\t\u00bfListo para tu viaje a Colombia?\t<\/h2>\n\t<p>Tu experiencia en Colombia est\u00e1 a solo un clic de distancia. Ponte en contacto con nuestros expertos en viajes, obt\u00e9n recomendaciones personalizadas y comienza a explorar Colombia m\u00e1s all\u00e1 de lo com\u00fan.<\/p>\n\t\n<div class=\"wpcf7 no-js\" id=\"wpcf7-f3871-o1\" lang=\"en-US\" dir=\"ltr\" data-wpcf7-id=\"3871\">\n<div class=\"screen-reader-response\"><p role=\"status\" aria-live=\"polite\" aria-atomic=\"true\"><\/p> <ul><\/ul><\/div>\n<form action=\"\/es\/wp-json\/wp\/v2\/pages\/4554#wpcf7-f3871-o1\" method=\"post\" class=\"wpcf7-form init\" aria-label=\"Formulario de contacto\" novalidate=\"novalidate\" data-status=\"init\" data-trp-original-action=\"\/es\/wp-json\/wp\/v2\/pages\/4554#wpcf7-f3871-o1\">\n<fieldset class=\"hidden-fields-container\"><input type=\"hidden\" name=\"_wpcf7\" value=\"3871\" \/><input type=\"hidden\" name=\"_wpcf7_version\" value=\"6.1.5\" \/><input type=\"hidden\" name=\"_wpcf7_locale\" value=\"en_US\" \/><input type=\"hidden\" name=\"_wpcf7_unit_tag\" value=\"wpcf7-f3871-o1\" \/><input type=\"hidden\" name=\"_wpcf7_container_post\" value=\"0\" \/><input type=\"hidden\" name=\"_wpcf7_posted_data_hash\" value=\"\" \/>\n<\/fieldset>\n<div class=\"row\">\n\t<div class=\"col-md-12\">\n\t\t<p><label>Name \/ Nombre*<\/label><span class=\"wpcf7-form-control-wrap\" data-name=\"your-first\"><input size=\"40\" maxlength=\"400\" class=\"wpcf7-form-control wpcf7-text wpcf7-validates-as-required\" aria-required=\"true\" aria-invalid=\"false\" value=\"\" type=\"text\" name=\"your-first\" \/><\/span>\n\t\t<\/p>\n\t<\/div>\n<\/div>\n<div class=\"row\">\n\t<div class=\"col-md-12\">\n\t\t<p><label>Correo electr\u00f3nico<\/label><span class=\"wpcf7-form-control-wrap\" data-name=\"your-email\"><input size=\"40\" maxlength=\"400\" class=\"wpcf7-form-control wpcf7-email wpcf7-validates-as-required wpcf7-text wpcf7-validates-as-email\" aria-required=\"true\" aria-invalid=\"false\" value=\"\" type=\"email\" name=\"your-email\" \/><\/span>\n\t\t<\/p>\n\t<\/div>\n\t<div class=\"col-md-12\">\n\t\t<p><label>WhatsApp \/ Phone (include country code) \/ WhatsApp \/ Tel\u00e9fono (incluir c\u00f3digo de pa\u00eds)*<\/label><span class=\"wpcf7-form-control-wrap\" data-name=\"your-phone\"><input size=\"40\" maxlength=\"400\" class=\"wpcf7-form-control wpcf7-text wpcf7-validates-as-required\" aria-required=\"true\" aria-invalid=\"false\" placeholder=\"Ejemplo: +57 300 123 4567 (Colombia)\" value=\"\" type=\"text\" name=\"your-phone\" \/><\/span>\n\t\t<\/p>\n\t<\/div>\n<\/div>\n<div class=\"row\">\n\t<div class=\"col-md-12\">\n\t\t<p><label>\u00bfQu\u00e9 est\u00e1s buscando? \/ \u00bfQu\u00e9 est\u00e1s buscando?*<\/label><br \/>\n<span class=\"wpcf7-form-control-wrap\" data-name=\"radio-574\"><span class=\"wpcf7-form-control wpcf7-radio\"><span class=\"wpcf7-list-item first\"><label><input type=\"radio\" name=\"radio-574\" value=\"Leisure\/Tour \\ Ocio\/Tour\" \/><span class=\"wpcf7-list-item-label\">Ocio\/Tour \\ Ocio\/Tour<\/span><\/label><\/span><span class=\"wpcf7-list-item\"><label><input type=\"radio\" name=\"radio-574\" value=\"Transport \\ Transporte\" \/><span class=\"wpcf7-list-item-label\">Transporte \\ Transporte<\/span><\/label><\/span><span class=\"wpcf7-list-item\"><label><input type=\"radio\" name=\"radio-574\" value=\"Business Partnership \\ Negocios\/Alianza\" \/><span class=\"wpcf7-list-item-label\">Asociaci\u00f3n empresarial \\ Negocios\/Alianza<\/span><\/label><\/span><span class=\"wpcf7-list-item last\"><label><input type=\"radio\" name=\"radio-574\" value=\"Other \\ Otro\" \/><span class=\"wpcf7-list-item-label\">Otro<\/span><\/label><\/span><\/span><\/span>\n\t\t<\/p>\n\t<\/div>\n<\/div>\n<div class=\"row\">\n\t<div class=\"col-md-12\">\n\t\t<p><label>City or Destination (optional) \/ Ciudad o Destino (opcional)<\/label><span class=\"wpcf7-form-control-wrap\" data-name=\"city\"><input size=\"40\" maxlength=\"400\" class=\"wpcf7-form-control wpcf7-text\" aria-invalid=\"false\" value=\"\" type=\"text\" name=\"city\" \/><\/span>\n\t\t<\/p>\n\t<\/div>\n<\/div>\n<div class=\"row\">\n\t<div class=\"col-md-12\">\n\t\t<p><label>Date or Timeframe (optional) \/ Fecha o Rango de Fechas (opcional)<\/label><span class=\"wpcf7-form-control-wrap\" data-name=\"date\"><input size=\"40\" maxlength=\"400\" class=\"wpcf7-form-control wpcf7-text\" aria-invalid=\"false\" value=\"\" type=\"text\" name=\"date\" \/><\/span>\n\t\t<\/p>\n\t<\/div>\n<\/div>\n<div class=\"row\">\n\t<div class=\"col-md-12\">\n\t\t<p><label>Group Size (optional) \/ N\u00famero de Personas (opcional)<\/label><span class=\"wpcf7-form-control-wrap\" data-name=\"group-size\"><input size=\"40\" maxlength=\"400\" class=\"wpcf7-form-control wpcf7-text\" aria-invalid=\"false\" value=\"\" type=\"text\" name=\"group-size\" \/><\/span>\n\t\t<\/p>\n\t<\/div>\n<\/div>\n<div class=\"row\">\n\t<div class=\"col-md-12\">\n\t\t<p><label>Message \/ Mensaje<\/label><span class=\"wpcf7-form-control-wrap\" data-name=\"your-message\"><textarea cols=\"40\" rows=\"10\" maxlength=\"2000\" class=\"wpcf7-form-control wpcf7-textarea wpcf7-validates-as-required\" aria-required=\"true\" aria-invalid=\"false\" placeholder=\"Escribe lo que quieras - incluso una pregunta corta est\u00e1 bien.\" name=\"your-message\"><\/textarea><\/span>\n\t\t<\/p>\n\t<\/div>\n<\/div>\n<div class=\"row consentRow\">\n\t<div class=\"col-md-12\">\n\t\t<p><strong>Optional data treatment and communications consent.<\/strong>\n\t\t<\/p>\n\t\t<p class=\"formConsent\"><br \/>\n<span class=\"wpcf7-form-control-wrap\" data-name=\"acceptance-583\"><span class=\"wpcf7-form-control wpcf7-acceptance optional\"><span class=\"wpcf7-list-item\"><label><input type=\"checkbox\" name=\"acceptance-583\" value=\"1\" aria-invalid=\"false\" \/><span class=\"wpcf7-list-item-label\">By checking this box, I consent to receive transactional SMS messages from (Cielo Travel), regarding my booking (confirmations, reminders, and support updates). Consent is not a condition of purchase. Msg & data rates may apply. Reply STOP to unsubscribe or HELP for support.<\/span><\/label><\/span><\/span><\/span>\n\t\t<\/p>\n\t\t<p class=\"anchor\" style=\"display:block !important;\"><a href=\"https:\/\/cielo.travel\/es\/condiciones-generales\/\">Terms<\/a> | <a href=\"https:\/\/cielo.travel\/es\/politica-de-privacidad\/\">Pol\u00edtica de privacidad<\/a>\n\t\t<\/p>\n\t<\/div>\n<\/div>\n<div class=\"row\">\n\t<p><span id=\"wpcf7-69e2ff0475118-wrapper\" class=\"wpcf7-form-control-wrap requiredValid-wrap\" style=\"display:none !important; visibility:hidden !important;\"><label for=\"wpcf7-69e2ff0475118-field\" class=\"hp-message\">Por favor, deje este campo vac\u00edo.<\/label><input id=\"wpcf7-69e2ff0475118-field\"  class=\"wpcf7-form-control wpcf7-text\" type=\"text\" name=\"requiredValid\" value=\"\" size=\"40\" tabindex=\"-1\" autocomplete=\"new-password\" \/><\/span>\n\t<\/p>\n\t<div class=\"col-md-12 submitButton\">\n\t\t<p><input class=\"wpcf7-form-control wpcf7-submit has-spinner\" type=\"submit\" value=\"Send \/ Enviar\" \/>\n\t\t<\/p>\n\t<\/div>\n<\/div><p style=\"display: none !important;\" class=\"akismet-fields-container\" data-prefix=\"_wpcf7_ak_\"><label>\u0394<textarea name=\"_wpcf7_ak_hp_textarea\" cols=\"45\" rows=\"8\" maxlength=\"100\"><\/textarea><\/label><input type=\"hidden\" id=\"ak_js_1\" name=\"_wpcf7_ak_js\" value=\"5\"\/><script>document.getElementById( \"ak_js_1\" ).setAttribute( \"value\", ( new Date() ).getTime() );<\/script><\/p><div class=\"wpcf7-response-output\" aria-hidden=\"true\"><\/div>\n<input type=\"hidden\" name=\"trp-form-language\" value=\"es\"\/><\/form>\n<\/div>","protected":false},"excerpt":{"rendered":"<p>Colombia Trip Package Day-by-day matching your pace \u25cf Structured concierge-level planning \u25cf One revision round Your Custom Colombia Itinerary For couples, families, friends, corporate teams, and university groups who want a custom itinerary and logistics plan built by a premium, safety-forward team. Tell Us About Your Trip, We&#8217;ll Handle the Structure Dates or a date&hellip;<\/p>","protected":false},"author":1,"featured_media":0,"parent":0,"menu_order":0,"comment_status":"closed","ping_status":"closed","template":"","meta":{"_acf_changed":false,"inline_featured_image":false,"footnotes":""},"class_list":["post-4554","page","type-page","status-publish","hentry"],"acf":[],"_links":{"self":[{"href":"https:\/\/cielo.travel\/es\/wp-json\/wp\/v2\/pages\/4554","targetHints":{"allow":["GET"]}}],"collection":[{"href":"https:\/\/cielo.travel\/es\/wp-json\/wp\/v2\/pages"}],"about":[{"href":"https:\/\/cielo.travel\/es\/wp-json\/wp\/v2\/types\/page"}],"author":[{"embeddable":true,"href":"https:\/\/cielo.travel\/es\/wp-json\/wp\/v2\/users\/1"}],"replies":[{"embeddable":true,"href":"https:\/\/cielo.travel\/es\/wp-json\/wp\/v2\/comments?post=4554"}],"version-history":[{"count":0,"href":"https:\/\/cielo.travel\/es\/wp-json\/wp\/v2\/pages\/4554\/revisions"}],"wp:attachment":[{"href":"https:\/\/cielo.travel\/es\/wp-json\/wp\/v2\/media?parent=4554"}],"curies":[{"name":"wp","href":"https:\/\/api.w.org\/{rel}","templated":true}]}}