{"id":4768,"date":"2026-02-16T14:04:23","date_gmt":"2026-02-16T14:04:23","guid":{"rendered":"https:\/\/cielo.travel\/?page_id=4768"},"modified":"2026-02-16T14:05:56","modified_gmt":"2026-02-16T14:05:56","slug":"alejandro-hernandez","status":"publish","type":"page","link":"https:\/\/cielo.travel\/es\/alejandro-hernandez\/","title":{"rendered":"Alejandro Hern\u00e1ndez"},"content":{"rendered":"<a href=\"\"  target=\"_self\">\n\t\t\t\t\t\t\tConoce a nuestro equipo\n\t\t\t\t\t<\/a>\n<h1>\n\t\t\tAlejandro Hern\u00e1ndez\t<\/h1>\n\t<p>Coordinador de servicios aeroportuarios <\/p>\n<figure itemscope itemtype=\"https:\/\/schema.org\/ImageObject\">\n\t\t\t\t<img decoding=\"async\" src=\"https:\/\/cielo.travel\/wp-content\/uploads\/2026\/02\/placeholder-staff-photo_760.jpg\" alt=\"marcador de posici\u00f3n-foto del personal_760\" height=\"960\" width=\"760\" title=\"marcador de posici\u00f3n-foto del personal_760\" onerror=\"this.style.display='none'\" loading=\"lazy\" \/>\n\t<\/figure>\n\t<p>Coordinador de servicios aeroportuarios y profesional del turismo con s\u00f3lida experiencia en operaciones y experiencia del hu\u00e9sped. He desarrollado mi carrera profesional en diversas empresas y proyectos del sector tur\u00edstico, fortaleciendo procesos y garantizando servicios de alta calidad. Me apasiona mostrar al mundo nuestro pa\u00eds a trav\u00e9s de experiencias aut\u00e9nticas y bien dise\u00f1adas. Tengo experiencia en coordinaci\u00f3n de viajes, operaciones aeroportuarias y gesti\u00f3n de la experiencia del cliente. Mi mayor motivaci\u00f3n es crear viajes memorables con excelencia, organizaci\u00f3n y atenci\u00f3n al detalle.<\/p>","protected":false},"excerpt":{"rendered":"<p>Conoce a nuestro equipo: Alejandro Hern\u00e1ndez, coordinador de servicios aeroportuarios. Coordinador de servicios aeroportuarios y profesional del turismo con una s\u00f3lida experiencia en operaciones y en la atenci\u00f3n al cliente. He desarrollado mi carrera en diversas empresas e iniciativas del sector tur\u00edstico, mejorando los procesos y garantizando servicios de alta calidad. Me apasiona mostrar al mundo nuestro pa\u00eds a trav\u00e9s de experiencias aut\u00e9nticas y bien dise\u00f1adas\u2026<\/p>","protected":false},"author":1,"featured_media":0,"parent":0,"menu_order":0,"comment_status":"closed","ping_status":"closed","template":"","meta":{"_acf_changed":false,"inline_featured_image":false,"footnotes":""},"class_list":["post-4768","page","type-page","status-publish","hentry"],"acf":[],"_links":{"self":[{"href":"https:\/\/cielo.travel\/es\/wp-json\/wp\/v2\/pages\/4768","targetHints":{"allow":["GET"]}}],"collection":[{"href":"https:\/\/cielo.travel\/es\/wp-json\/wp\/v2\/pages"}],"about":[{"href":"https:\/\/cielo.travel\/es\/wp-json\/wp\/v2\/types\/page"}],"author":[{"embeddable":true,"href":"https:\/\/cielo.travel\/es\/wp-json\/wp\/v2\/users\/1"}],"replies":[{"embeddable":true,"href":"https:\/\/cielo.travel\/es\/wp-json\/wp\/v2\/comments?post=4768"}],"version-history":[{"count":0,"href":"https:\/\/cielo.travel\/es\/wp-json\/wp\/v2\/pages\/4768\/revisions"}],"wp:attachment":[{"href":"https:\/\/cielo.travel\/es\/wp-json\/wp\/v2\/media?parent=4768"}],"curies":[{"name":"wp","href":"https:\/\/api.w.org\/{rel}","templated":true}]}}