{"id":4774,"date":"2026-02-16T14:08:05","date_gmt":"2026-02-16T14:08:05","guid":{"rendered":"https:\/\/cielo.travel\/?page_id=4774"},"modified":"2026-02-16T14:09:35","modified_gmt":"2026-02-16T14:09:35","slug":"dina-aguirre","status":"publish","type":"page","link":"https:\/\/cielo.travel\/es\/dina-aguirre\/","title":{"rendered":"Dina Aguirre"},"content":{"rendered":"<a href=\"\"  target=\"_self\">\n\t\t\t\t\t\t\tConoce a nuestro equipo\n\t\t\t\t\t<\/a>\n<h1>\n\t\t\tDina Aguirre\t<\/h1>\n\t<p>Estratega de ventas tur\u00edsticas<\/p>\n<figure itemscope itemtype=\"https:\/\/schema.org\/ImageObject\">\n\t\t\t\t<img decoding=\"async\" src=\"https:\/\/cielo.travel\/wp-content\/uploads\/2026\/02\/Dina2.jpeg\" alt=\"Dina2\" height=\"938\" width=\"730\" title=\"Dina2\" onerror=\"this.style.display='none'\" loading=\"lazy\" \/>\n\t<\/figure>\n\t<p>Soy un estratega de ventas en el sector tur\u00edstico con m\u00e1s de 10 a\u00f1os de experiencia en startups y en el desarrollo de negocios hoteleros, el an\u00e1lisis de mercados y la estructuraci\u00f3n de procesos y carteras comerciales. Me especializo en conectar marcas y viajeros, transformando la cultura organizacional en pr\u00e1cticas aut\u00e9nticas que refuerzan el posicionamiento. Apasionado por las relaciones p\u00fablicas y la creaci\u00f3n de una imagen corporativa de gran impacto, trabajo centr\u00e1ndome en la fidelizaci\u00f3n y la excelencia en la experiencia del cliente.<\/p>","protected":false},"excerpt":{"rendered":"<p>Conoce a nuestro equipo Dina Aguirre Estratega de ventas tur\u00edsticas Soy estratega de ventas tur\u00edsticas con m\u00e1s de 10 a\u00f1os de experiencia en startups y desarrollo de negocios hoteleros, an\u00e1lisis de mercado y estructuraci\u00f3n de procesos y carteras comerciales. Me especializo en conectar marcas y viajeros, transformando la cultura organizacional en pr\u00e1cticas aut\u00e9nticas que fortalecen el posicionamiento. Me apasiona las relaciones p\u00fablicas y la construcci\u00f3n\u2026<\/p>","protected":false},"author":1,"featured_media":0,"parent":0,"menu_order":0,"comment_status":"closed","ping_status":"closed","template":"","meta":{"_acf_changed":false,"inline_featured_image":false,"footnotes":""},"class_list":["post-4774","page","type-page","status-publish","hentry"],"acf":[],"_links":{"self":[{"href":"https:\/\/cielo.travel\/es\/wp-json\/wp\/v2\/pages\/4774","targetHints":{"allow":["GET"]}}],"collection":[{"href":"https:\/\/cielo.travel\/es\/wp-json\/wp\/v2\/pages"}],"about":[{"href":"https:\/\/cielo.travel\/es\/wp-json\/wp\/v2\/types\/page"}],"author":[{"embeddable":true,"href":"https:\/\/cielo.travel\/es\/wp-json\/wp\/v2\/users\/1"}],"replies":[{"embeddable":true,"href":"https:\/\/cielo.travel\/es\/wp-json\/wp\/v2\/comments?post=4774"}],"version-history":[{"count":0,"href":"https:\/\/cielo.travel\/es\/wp-json\/wp\/v2\/pages\/4774\/revisions"}],"wp:attachment":[{"href":"https:\/\/cielo.travel\/es\/wp-json\/wp\/v2\/media?parent=4774"}],"curies":[{"name":"wp","href":"https:\/\/api.w.org\/{rel}","templated":true}]}}