{"id":591,"date":"2025-06-11T11:12:21","date_gmt":"2025-06-11T11:12:21","guid":{"rendered":"https:\/\/cielo.travel\/?page_id=591"},"modified":"2025-10-20T14:46:44","modified_gmt":"2025-10-20T14:46:44","slug":"bogota-rutas-de-senderismo-las-moyas-tour","status":"publish","type":"page","link":"https:\/\/cielo.travel\/es\/best-colombia-tours\/bogota-hiking-trails-las-moyas-tour\/","title":{"rendered":"Bogot\u00e1 Excursiones Las Moyas"},"content":{"rendered":"<a href=\"\" target=\"_self\">\n\t\t\t\t\t\t\tBogot\u00e1\n\t\t\t\t\t<\/a>\n<h1>\n\t\t\tCaminata matutina por el Sendero de Las Moyas: mejor vista panor\u00e1mica que Monserrate\t<\/h1>\n\t<p>Escapa de las multitudes y contempla la ciudad de Bogot\u00e1 desde las alturas en una corta caminata de 2 a 3 horas, a pocos minutos de las Zona T y Chapinero. Las Moyas es una joya escondida muy apreciada por los bogotanos y ofrece unas vistas panor\u00e1micas que muchos consideran m\u00e1s espectaculares que las del Cerro de Monserrate.<\/p>\n    Por favor, active javascript en su navegador para reservar\n<h2>\n\t\t\t\u00bfPor qu\u00e9 Las Moyas?\t<\/h2>\n\t<p>Emb\u00e1rquese en uno de <b>Las mejores rutas de senderismo de Bogot\u00e1 <\/b>con el<b> Excursi\u00f3n a Las Moyas<\/b>Una excursi\u00f3n guiada por la monta\u00f1a a trav\u00e9s de verdes bosques de monta\u00f1a y praderas de gran altitud, todo ello dentro de la ciudad y a s\u00f3lo 5 minutos en coche de la zona de restaurantes y vida nocturna m\u00e1s animada de la ciudad.<\/p>\n<p class=\"translation-block\">Esta ruta de senderismo en Bogot\u00e1 se extiende a lo largo de 6 km (550 m de altitud) y ofrece un experiencia de inmersi\u00f3n en la naturaleza a trav\u00e9s de tres ecosistemas distintos. Perfecto para los amantes de las experiencias ecotur\u00edsticas, esta caminata matutina termina antes del mediod\u00eda. Deja la tarde libre para visitar museos, comer o disfrutar de otras actividades que ofrece la ciudad. Una ruta acompa\u00f1ada con gu\u00edas expertos para compartir una verdadera excursi\u00f3n local hecha a la medida para grupos peque\u00f1os.<\/p>\n<p>Explorar\u00e1s <b>bosques antiguos<\/b>, <b>avistar aves y flores silvestres poco comunes<\/b>, y llegar a la cima, donde <b>vistas panor\u00e1micas de Bogot\u00e1<\/b> esperar. A lo largo de la experiencia, ver\u00e1 de primera mano c\u00f3mo los ecoguardas locales han restaurado y protegido este lugar tan especial, <b>y por qu\u00e9 Las Moyas es una de las verdaderas joyas ocultas de la ciudad.<\/b><\/p>\n<p>Despu\u00e9s de completar la caminata de ida y vuelta de 6 km, volver\u00e1 a la entrada del sendero con una nueva apreciaci\u00f3n del lado salvaje de Bogot\u00e1, y con tiempo de sobra para disfrutar del resto del d\u00eda en la ciudad. Reserve esta <b>ecoturismo urbano<\/b> aventura ahora y descubra por qu\u00e9 Las Moyas es uno de los mejores <b>excursiones en Bogot\u00e1<\/b>!<\/p>\n\t<section>\n    <a href=\"https:\/\/cielo.travel\/es\/pongase-en-contacto-con\/\">Cont\u00e1ctanos<\/a>\n    <a href=\"#booking\">Reserve ahora<\/a>\n<\/section>\n<h2 class=\"translation-block\">Qu\u00e9 puedes espera<\/h2>\n                                                \n                            <section>\n<h2>Conoce a tu gu\u00eda:<\/h2>\n<p>Comienza por la ma\u00f1ana en el inicio del sendero de Las Moyas, donde tu gu\u00eda local biling\u00fce (ingl\u00e9s\/espa\u00f1ol) te dar\u00e1 la bienvenida para iniciar una hermosa caminata.<\/p>\n<\/section>\n                                                \n                            <section><h2>Ad\u00e9ntrate en el bosque:<\/h2><p>Inicia tu ascenso a la cima de Las Moyas a trav\u00e9s de un sendero puramente natural. Conectar\u00e1s con la fauna y flora \u00fanica de las monta\u00f1as colombianas.<\/p><\/section>                        \n                                                \n                            <section>\n<h2>Una vista impresionante:<\/h2>\n<p>Det\u00e9ngase en los miradores panor\u00e1micos sobre Bogot\u00e1. Escucha historias sobre el significado sagrado de Las Moyas y saca fotos impresionantes.<\/p>\n<\/section>\n                                                \n                            <section>\n<h2>Maravillas y Vida Salvaje:<\/h2>\n<p>Explora tres ecosistemas distintos, desde el antiguo bosque hasta el m\u00edstico p\u00e1ramo; y observa aves aut\u00f3ctonas, flores silvestres e incluso alg\u00fan zorro o ardilla.<\/p>\n<\/section>\n                                                \n                            <section>\n<h2>\u00a1Corona la Cima!<\/h2>\n<p>Suba a la cima, a 3.300 metros sobre el nivel del mar, para disfrutar de las vistas de la ciudad y de un momento de reflexi\u00f3n en este espacio sagrado. <\/p>\n<\/section>\n                                                \n                            <section>\n<h2>\u00a1Desciende sin problemas!<\/h2>\n<p>Descienda con tiempo de sobra para visitar los museos de Bogot\u00e1, comer y mucho m\u00e1s. Su gu\u00eda estar\u00e1 encantado de darle consejos para el resto del d\u00eda.<\/p>\n<\/section>\n<h2 class=\"translation-block\">\u00bfPor qu\u00e9 reservar <span style=\"color: #135891\">con nosotros?<\/span><\/h2>\n<h2 class=\"translation-block\">Destacados del tour<\/h2>\n                                                \n                            <section>\n<h2>Caminata de 6 km a trav\u00e9s de frondosos bosques de monta\u00f1a hasta praderas de gran altitud.<\/h2>\n<\/section>\n                                                \n                            <section>\n<h2>Senderismo en grupos reducidos para vivir una experiencia en la naturaleza personalizada y envolvente.<\/h2>\n<\/section>\n                                                \n                            <section>\n<h2>Gu\u00edas locales certificados comparten sus conocimientos sobre conservaci\u00f3n e historias locales.<\/h2>\n<\/section>\n                                                \n                            <section>\n<h2>Descubra tres ecosistemas distintos en una sola excursi\u00f3n por Bogot\u00e1, sin necesidad de desplazarse.<\/h2>\n<\/section>\n                                                \n                            <section>\n<h2>Caminata matutina por Bogot\u00e1 - regreso al mediod\u00eda, ideal para viajeros ocupados.<\/h2>\n<\/section>\n<h2 class=\"translation-block\">Detalles Clave<\/h2>\n<h2>\n\t\t\t\u00bfPara qui\u00e9n es este tour?\t<\/h2>\n\t<p>Exploradores en solitario, parejas, familias y amigos que quieren una ventana corta y conmovedora al lado salvaje de Bogot\u00e1: cazadores de amaneceres, fot\u00f3grafos en busca de grandes fotos del horizonte, buscadores de bienestar que aman el aire fresco de la monta\u00f1a y viajeros curiosos que disfrutan de las historias locales, un ritmo seguro y un gu\u00eda que convierte los puntos de vista en momentos que recordar\u00e1s.<\/p>\n<h2 class=\"translation-block\">Qu\u00e9 opinan  <span style=\"color: #135891\">nuestros Invitados<\/span><\/h2>\n<h2>\n\t\t\t\u00a1Vive el Sendero de Las Moyas!\t<\/h2>\n\t<p>Las plazas son limitadas para que los grupos sean peque\u00f1os y la experiencia personal. Haga clic a continuaci\u00f3n para reservar su plaza por encima de las nubes y ver Bogot\u00e1 de una forma totalmente nueva.<\/p>\n\t<section>\n    <a href=\"https:\/\/cielo.travel\/es\/pongase-en-contacto-con\/\">Cont\u00e1ctanos<\/a>\n    <a href=\"#booking\">Reserve ahora<\/a>\n<\/section>\n\t\t\t\t<img decoding=\"async\" src=\"https:\/\/cielo.travel\/wp-content\/uploads\/2025\/10\/FAQs-section-imageone.jpg\" alt=\"Secci\u00f3n de preguntas frecuentes imageone\" itemprop=\"image\" height=\"1200\" width=\"1200\" title=\"Secci\u00f3n de preguntas frecuentes imageone\" onerror=\"this.style.display='none'\" loading=\"lazy\" \/>\n<h2>\n\t\t\tFAQs\t<\/h2>\n\t<p>\u00bfCu\u00e1l es el nivel de dificultad de Las Moyas?<\/p>\n\t<p>F\u00e1cil. Senderos ondulados y subidas breves; apto para viajeros activos. Mantenemos un ritmo constante y conversacional con descansos para tomar fotos e hidratarse.<\/p>\n\t<p>\u00bfQu\u00e9 debo llevar para el Sendero?<\/p>\n\t<p>Calzado c\u00f3modo con agarre, ropa ligera, crema solar, gorra y una botella de agua reutilizable. Llevar uno que otro snack tambi\u00e9n es recomendado para disfrutar durante el ascenso o la bajada de Las Moyas.<\/p>\n\t<p>\u00bfD\u00f3nde est\u00e1 ubicado exactamente el Sendero de Las Moyas?<\/p>\n\t<p>La direcci\u00f3n exacta de la entrada al Sendero de Las Moyas es en Transversal 2 Este # 78- 93, Rosales, Chapinero, Bogot\u00e1. Se encuentra a menos de 5 minutos de la Zona T. Si lo prefieres, podemos organizar un transporte privado con un costo adicional.<\/p>\n\t<p>\u00bfPuedo organizar visitas privadas o familiares?<\/p>\n\t<p>S\u00ed. Contacta a nuestro equipo y pregunta por las opciones personalizadas.<\/p>\n<h2>\n\t\t\t\u00bfListo para vivir el coraz\u00f3n salvaje de Bogot\u00e1?\t<\/h2>\n\t<p>Reserve ahora con Cielo Travel, donde la aventura se une a la autenticidad.<\/p>","protected":false},"excerpt":{"rendered":"<p>Bogot\u00e1 Mejores Vistas Que Monserrate: Excursi\u00f3n matinal a Las Moyas en Bogot\u00e1 Escapa de las multitudes y contempla Bogot\u00e1 desde las alturas en una corta excursi\u00f3n de 2 a 3 horas a pocos minutos de la Zona T y Chapinero. Las Moyas, una joya escondida muy apreciada por los bogotanos, ofrece unas vistas panor\u00e1micas que muchos consideran incluso m\u00e1s espectaculares que las de Monserrate....<\/p>","protected":false},"author":5,"featured_media":0,"parent":671,"menu_order":0,"comment_status":"closed","ping_status":"closed","template":"","meta":{"_acf_changed":false,"inline_featured_image":false,"footnotes":""},"class_list":["post-591","page","type-page","status-publish","hentry"],"acf":[],"_links":{"self":[{"href":"https:\/\/cielo.travel\/es\/wp-json\/wp\/v2\/pages\/591","targetHints":{"allow":["GET"]}}],"collection":[{"href":"https:\/\/cielo.travel\/es\/wp-json\/wp\/v2\/pages"}],"about":[{"href":"https:\/\/cielo.travel\/es\/wp-json\/wp\/v2\/types\/page"}],"author":[{"embeddable":true,"href":"https:\/\/cielo.travel\/es\/wp-json\/wp\/v2\/users\/5"}],"replies":[{"embeddable":true,"href":"https:\/\/cielo.travel\/es\/wp-json\/wp\/v2\/comments?post=591"}],"version-history":[{"count":0,"href":"https:\/\/cielo.travel\/es\/wp-json\/wp\/v2\/pages\/591\/revisions"}],"up":[{"embeddable":true,"href":"https:\/\/cielo.travel\/es\/wp-json\/wp\/v2\/pages\/671"}],"wp:attachment":[{"href":"https:\/\/cielo.travel\/es\/wp-json\/wp\/v2\/media?parent=591"}],"curies":[{"name":"wp","href":"https:\/\/api.w.org\/{rel}","templated":true}]}}