{"id":653,"date":"2025-06-12T05:03:23","date_gmt":"2025-06-12T05:03:23","guid":{"rendered":"https:\/\/cielo.travel\/?page_id=653"},"modified":"2026-02-28T06:13:25","modified_gmt":"2026-02-28T06:13:25","slug":"marketing-para-marcas-de-turismo-hospitalidad-y-estilo-de-vida","status":"publish","type":"page","link":"https:\/\/cielo.travel\/es\/marketing-para-marcas-de-turismo-hospitalidad-y-estilo-de-vida\/","title":{"rendered":"Servicios de marketing"},"content":{"rendered":"<a href=\"\"  target=\"_self\">\n\t\t\t\t\t\t\tServicios de marketing\n\t\t\t\t\t<\/a>\n<h1>\n\t\t\tMarketing para Marcas de Turismo,<br \/> Hospitalidad y Estilo de Vida\t<\/h1>\n\t<p>Llega a la Audiencia Correcta. Cuenta la Historia Indicada. Crece con Cielo.Travel.<\/p>\n\t<p>En Cielo.Travel ayudamos a empresas del sector turismo, hospitalidad y estilo de vida a destacarse y crecer con estrategias de marketing que generan impacto.<\/p>\n\t<p>Desde hoteles boutique y restaurantes hasta operadores tur\u00edsticos y eventos culturales, conectamos experiencias reales con audiencias listas para explorar, reservar y compartir.<\/p>\n\t<p>Nuestra f\u00f3rmula combina contenido aut\u00e9ntico, narrativas poderosas y estrategias digitales a medida, todo dise\u00f1ado para impulsar tu marca en Colombia y m\u00e1s all\u00e1.<\/p>\n<h2>\n\t\t\t\u00bfPor qu\u00e9 trabajar con nosotros?\t<\/h2>\n<h2>\n\t\t\tNuestros servicios\t<\/h2>\n<h2>\n\t\t\tA Qui\u00e9n Servimos\t<\/h2>\n<h2>\n\t\t\tPaquetes flexibles que se<br \/> Adaptan a Tu Negocio\t<\/h2>\n\t<p>Ofrecemos paquetes que se ajustan a diferentes necesidades y presupuestos - desde visibilidad b\u00e1sica hasta campa\u00f1as completas con contenido, distribuci\u00f3n y optimizaci\u00f3n.<\/p>\n\t<a href=\"https:\/\/cielo.travel\/es\/los-mejores-tours-en-colombia\/\">Conoce nuestros Paquetes<\/a>\n<figure itemscope itemtype=\"https:\/\/schema.org\/ImageObject\">\n\t\t\t\t<img decoding=\"async\" src=\"https:\/\/cielo.travel\/wp-content\/uploads\/2025\/09\/avatars-blackOutline.png\" alt=\"avatares-negroOutline\" height=\"64\" width=\"256\" title=\"avatares-negroOutline\" onerror=\"this.style.display='none'\" loading=\"lazy\" \/>\n\t<\/figure>\n<h2>\n\t\t\tCasos de \u00c9xito\t<\/h2>\n<h2>\n\t\t\t\u00bfListo para Impulsar tu Marca?\t<\/h2>\n\t<p>Conversemos. Cu\u00e9ntanos tu visi\u00f3n y hag\u00e1mosla crecer juntos.<\/p>\n\t<a href=\"https:\/\/cielo.travel\/es\/pongase-en-contacto-con\/\">Habla con Nuestro Equipo<\/a>","protected":false},"excerpt":{"rendered":"<p>Marketing Services Marketing para Marcas de Turismo, Hospitalidad y Estilo de Vida Llega a la Audiencia Correcta. Cuenta la Historia Indicada. Crece con Cielo.Travel. En Cielo.Travel ayudamos a empresas del sector turismo, hospitalidad y estilo de vida a destacarse y crecer con estrategias de marketing que generan impacto. Desde hoteles boutique y restaurantes hasta operadores...<\/p>","protected":false},"author":5,"featured_media":0,"parent":0,"menu_order":0,"comment_status":"closed","ping_status":"closed","template":"","meta":{"_acf_changed":false,"inline_featured_image":false,"footnotes":""},"class_list":["post-653","page","type-page","status-publish","hentry"],"acf":[],"_links":{"self":[{"href":"https:\/\/cielo.travel\/es\/wp-json\/wp\/v2\/pages\/653","targetHints":{"allow":["GET"]}}],"collection":[{"href":"https:\/\/cielo.travel\/es\/wp-json\/wp\/v2\/pages"}],"about":[{"href":"https:\/\/cielo.travel\/es\/wp-json\/wp\/v2\/types\/page"}],"author":[{"embeddable":true,"href":"https:\/\/cielo.travel\/es\/wp-json\/wp\/v2\/users\/5"}],"replies":[{"embeddable":true,"href":"https:\/\/cielo.travel\/es\/wp-json\/wp\/v2\/comments?post=653"}],"version-history":[{"count":0,"href":"https:\/\/cielo.travel\/es\/wp-json\/wp\/v2\/pages\/653\/revisions"}],"wp:attachment":[{"href":"https:\/\/cielo.travel\/es\/wp-json\/wp\/v2\/media?parent=653"}],"curies":[{"name":"wp","href":"https:\/\/api.w.org\/{rel}","templated":true}]}}