{"id":671,"date":"2025-06-12T08:11:34","date_gmt":"2025-06-12T08:11:34","guid":{"rendered":"https:\/\/cielo.travel\/?page_id=671"},"modified":"2026-02-20T05:28:19","modified_gmt":"2026-02-20T05:28:19","slug":"los-mejores-tours-en-colombia","status":"publish","type":"page","link":"https:\/\/cielo.travel\/es\/best-colombia-tours\/","title":{"rendered":"Viajes a Colombia"},"content":{"rendered":"<a href=\"\"  target=\"_self\">\n\t\t\t\t\t\t\tViajes a Colombia\n\t\t\t\t\t<\/a>\n<h1>\n\t\t\tLos mejores tours en Colombia: De joyas ocultas a lugares emblem\u00e1ticos\t<\/h1>\n\t<p>Aventuras aut\u00e9nticas, experiencia local y cero estr\u00e9s: viva y disfrute lo mejor de Colombia<\/p>\n\t<section>\n    <a href=\"#bookings\">Explore nuestros viajes<\/a>\n<\/section>\n<h2>\n\t\t\tDescubra los mejores tours en Colombia, personalmente seleccionados para usted\t<\/h2>\n\t<p>En Cielo.Travel, creemos que viajar deber\u00eda ser algo m\u00e1s que hacer turismo. Es por eso que cada uno de nuestros tours de un d\u00eda y medio d\u00eda ha sido personalmente revisado y aprobado por nuestro fundador y CEO, Shawn Christopher Hiner Leamon. Su misi\u00f3n es simple: s\u00f3lo los Mejores Tours en Colombia que revelan joyas ocultas, tradiciones aut\u00e9nticas y experiencias que no encontrar\u00e1 en ninguna gu\u00eda tur\u00edstica llegan a esta colecci\u00f3n.<\/p>\n<p>Estas experiencias cuidadosamente seleccionadas est\u00e1n dise\u00f1adas para ser memorables, personales y \u00fanicas, de modo que cuando viaje con nosotros, se lleve algo m\u00e1s que fotos. Se ir\u00e1 con historias dignas de ser contadas.<\/p>\n\t<a href=\"#bookings\">Ver todos los tours<\/a>\n\t<a href=\"https:\/\/cielo.travel\/es\/marketing-para-marcas-de-turismo-hospitalidad-y-estilo-de-vida\/\">Planificar mi viaje<\/a>\n<h2>\n\t\t\tViajes inolvidables, pensados para usted\t<\/h2>\n\t<p>Entre los Mejores Tours en Colombia, estos destacan por su capacidad de sorprender e inspirar. Desde maravillas naturales a ciudades legendarias, revelan el lado oculto del pa\u00eds y te ofrecen experiencias aut\u00e9nticas que no encontrar\u00e1s en ning\u00fan otro lugar.<\/p>\n\t<section>\n<a href=\"https:\/\/cielo.travel\/es\/los-mejores-tours-en-colombia\/bogota-rutas-de-senderismo-las-moyas-tour\/\">\n<h2>Por encima de las nubes: caminata ecol\u00f3gica en Las Moyas<\/h2>\n<p>Las Moyas, Bogot\u00e1<\/p>\n<\/a>\n<\/section>\n\t<section>\n<a href=\"https:\/\/cielo.travel\/es\/los-mejores-tours-en-colombia\/catedral-de-sal-colombia-guatavita-tour-privado\/\">\n<h2>Tallada en sal, coronada por un lago: viaje VIP a Zipaquir\u00e1<\/h2>\n<p>Zipaquir\u00e1, Cundinamarca<\/p>\n<\/a>\n<\/section>\n\t<section>\n<a href=\"https:\/\/cielo.travel\/es\/los-mejores-tours-en-colombia\/lo-mejor-que-hacer-en-bogota\/\">\n<h2>Explore lo mejor de Bogot\u00e1 en un d\u00eda: su viaje privado por la ciudad<\/h2>\n<p>Bogot\u00e1 D.C<\/p>\n<\/a>\n<\/section>\n\t<a href=\"#bookings\">Ver todos los tours<\/a>\n    Por favor, active javascript en su navegador para reservar\n<h2>\n\t\t\t\u00bfQu\u00e9 nos diferencia?\t<\/h2>\n\t<p>Detr\u00e1s de cada actividad hay un filtro sencillo: si no es extraordinaria, no pasa el corte. Por eso solo mostramos los mejores tours de Colombia, elegidos por viajeros que valoran la autenticidad.<\/p>\n                                                \n                            <section>\n<h2>Gu\u00edas de habla inglesa<\/h2>\n<p>Comunicaci\u00f3n clara, conocimientos locales, conexiones reales.<\/p>\n<\/section>\n                                                \n                            <section>\n<h2>Revisado, aprobado, inolvidable<\/h2>\n<p>Nuestro Director General revisa personalmente cada visita antes de ponerla en marcha.<\/p>\n<\/section>\n                                                \n                            <section>\n<h2>Colombia m\u00e1s all\u00e1 de lo obvio<\/h2>\n<p>Experiencias \u00fanicas que parecen secretas, personales, intrigantes, m\u00e1gicas pero reales.<\/p>\n<\/section>\n                                                \n                            <section>\n<h2>Apoyo a las comunidades locales<\/h2>\n<p>Cada tour ayuda a las peque\u00f1as empresas y a los gu\u00edas locales, haciendo que los Mejores Tours en Colombia sean significativos tanto para los viajeros como para los anfitriones.<\/p>\n<\/section>\n                                                \n                            <section>\n<h2>Sin estr\u00e9s, siempre f\u00e1cil<\/h2>\n<p>Desde la reserva hasta el \u00faltimo paso de su viaje, nuestros viajes est\u00e1n dise\u00f1ados para que sean fluidos, sencillos y sin complicaciones.<\/p>\n<\/section>\n<h2>\n\t\t\t\u00bfPara Qui\u00e9n Son Estos Tours?\t<\/h2>\n<h2>\n\t\t\t\u00bfPor qu\u00e9 Cielo.Travel?\t<\/h2>\n\t<p>Nuestros viajes apoyan a los gu\u00edas locales, a las peque\u00f1as empresas y a la preservaci\u00f3n cultural. Cuando reservas con nosotros, est\u00e1s ayudando a gente real a prosperar y disfrutando de una experiencia honesta, inmersiva e inolvidable.<\/p>\n\t<a href=\"https:\/\/cielo.travel\/es\/pongase-en-contacto-con\/\">Comienza tu viaje<\/a>","protected":false},"excerpt":{"rendered":"<p>Colombia Tours Los Mejores Tours en Colombia: Desde Joyas Escondidas hasta Lugares Ic\u00f3nicos Aventuras aut\u00e9nticas, experiencia local y cero estr\u00e9s - viva y disfrute lo mejor de Colombia Explore Nuestros Tours Descubra los Mejores Tours en Colombia, Personalmente Curados para Usted En Cielo.Travel, creemos que viajar debe ser m\u00e1s que hacer turismo. Es por eso que cada uno de...<\/p>","protected":false},"author":5,"featured_media":0,"parent":0,"menu_order":0,"comment_status":"closed","ping_status":"closed","template":"","meta":{"_acf_changed":false,"inline_featured_image":false,"footnotes":""},"class_list":["post-671","page","type-page","status-publish","hentry"],"acf":[],"_links":{"self":[{"href":"https:\/\/cielo.travel\/es\/wp-json\/wp\/v2\/pages\/671","targetHints":{"allow":["GET"]}}],"collection":[{"href":"https:\/\/cielo.travel\/es\/wp-json\/wp\/v2\/pages"}],"about":[{"href":"https:\/\/cielo.travel\/es\/wp-json\/wp\/v2\/types\/page"}],"author":[{"embeddable":true,"href":"https:\/\/cielo.travel\/es\/wp-json\/wp\/v2\/users\/5"}],"replies":[{"embeddable":true,"href":"https:\/\/cielo.travel\/es\/wp-json\/wp\/v2\/comments?post=671"}],"version-history":[{"count":0,"href":"https:\/\/cielo.travel\/es\/wp-json\/wp\/v2\/pages\/671\/revisions"}],"wp:attachment":[{"href":"https:\/\/cielo.travel\/es\/wp-json\/wp\/v2\/media?parent=671"}],"curies":[{"name":"wp","href":"https:\/\/api.w.org\/{rel}","templated":true}]}}