{"id":690,"date":"2025-06-12T10:12:36","date_gmt":"2025-06-12T10:12:36","guid":{"rendered":"https:\/\/cielo.travel\/?page_id=690"},"modified":"2025-11-10T14:14:23","modified_gmt":"2025-11-10T14:14:23","slug":"pongase-en-contacto-con","status":"publish","type":"page","link":"https:\/\/cielo.travel\/es\/contact\/","title":{"rendered":"P\u00f3ngase en contacto con"},"content":{"rendered":"<a href=\"\" target=\"_self\">\n\t\t\t\t\t\t\tCont\u00e1ctanos\n\t\t\t\t\t<\/a>\n<h1>\n\t\t\tEmpecemos algo asombroso\t<\/h1>\n\tCon sede en Colombia. Conectado en todo el mundo.<br \/>\nEquipo biling\u00fce - Respuestas r\u00e1pidas - Gente de verdad\n<h2>\n\t\t\tCont\u00e1ctanos\t<\/h2>\n\t\n<div class=\"wpcf7 no-js\" id=\"wpcf7-f3871-o1\" lang=\"en-US\" dir=\"ltr\" data-wpcf7-id=\"3871\">\n<div class=\"screen-reader-response\"><p role=\"status\" aria-live=\"polite\" aria-atomic=\"true\"><\/p> <ul><\/ul><\/div>\n<form action=\"\/es\/wp-json\/wp\/v2\/pages\/690#wpcf7-f3871-o1\" method=\"post\" class=\"wpcf7-form init\" aria-label=\"Formulario de contacto\" novalidate=\"novalidate\" data-status=\"init\" data-trp-original-action=\"\/es\/wp-json\/wp\/v2\/pages\/690#wpcf7-f3871-o1\">\n<fieldset class=\"hidden-fields-container\"><input type=\"hidden\" name=\"_wpcf7\" value=\"3871\" \/><input type=\"hidden\" name=\"_wpcf7_version\" value=\"6.1.5\" \/><input type=\"hidden\" name=\"_wpcf7_locale\" value=\"en_US\" \/><input type=\"hidden\" name=\"_wpcf7_unit_tag\" value=\"wpcf7-f3871-o1\" \/><input type=\"hidden\" name=\"_wpcf7_container_post\" value=\"0\" \/><input type=\"hidden\" name=\"_wpcf7_posted_data_hash\" value=\"\" \/>\n<\/fieldset>\n<div class=\"row\">\n\t<div class=\"col-md-12\">\n\t\t<p><label>Name \/ Nombre*<\/label><span class=\"wpcf7-form-control-wrap\" data-name=\"your-first\"><input size=\"40\" maxlength=\"400\" class=\"wpcf7-form-control wpcf7-text wpcf7-validates-as-required\" aria-required=\"true\" aria-invalid=\"false\" value=\"\" type=\"text\" name=\"your-first\" \/><\/span>\n\t\t<\/p>\n\t<\/div>\n<\/div>\n<div class=\"row\">\n\t<div class=\"col-md-12\">\n\t\t<p><label>Correo electr\u00f3nico<\/label><span class=\"wpcf7-form-control-wrap\" data-name=\"your-email\"><input size=\"40\" maxlength=\"400\" class=\"wpcf7-form-control wpcf7-email wpcf7-validates-as-required wpcf7-text wpcf7-validates-as-email\" aria-required=\"true\" aria-invalid=\"false\" value=\"\" type=\"email\" name=\"your-email\" \/><\/span>\n\t\t<\/p>\n\t<\/div>\n\t<div class=\"col-md-12\">\n\t\t<p><label>WhatsApp \/ Phone (include country code) \/ WhatsApp \/ Tel\u00e9fono (incluir c\u00f3digo de pa\u00eds)*<\/label><span class=\"wpcf7-form-control-wrap\" data-name=\"your-phone\"><input size=\"40\" maxlength=\"400\" class=\"wpcf7-form-control wpcf7-text wpcf7-validates-as-required\" aria-required=\"true\" aria-invalid=\"false\" placeholder=\"Ejemplo: +57 300 123 4567 (Colombia)\" value=\"\" type=\"text\" name=\"your-phone\" \/><\/span>\n\t\t<\/p>\n\t<\/div>\n<\/div>\n<div class=\"row\">\n\t<div class=\"col-md-12\">\n\t\t<p><label>\u00bfQu\u00e9 est\u00e1s buscando? \/ \u00bfQu\u00e9 est\u00e1s buscando?*<\/label><br \/>\n<span class=\"wpcf7-form-control-wrap\" data-name=\"radio-574\"><span class=\"wpcf7-form-control wpcf7-radio\"><span class=\"wpcf7-list-item first\"><label><input type=\"radio\" name=\"radio-574\" value=\"Leisure\/Tour \\ Ocio\/Tour\" \/><span class=\"wpcf7-list-item-label\">Ocio\/Tour \\ Ocio\/Tour<\/span><\/label><\/span><span class=\"wpcf7-list-item\"><label><input type=\"radio\" name=\"radio-574\" value=\"Transport \\ Transporte\" \/><span class=\"wpcf7-list-item-label\">Transporte \\ Transporte<\/span><\/label><\/span><span class=\"wpcf7-list-item\"><label><input type=\"radio\" name=\"radio-574\" value=\"Business Partnership \\ Negocios\/Alianza\" \/><span class=\"wpcf7-list-item-label\">Asociaci\u00f3n empresarial \\ Negocios\/Alianza<\/span><\/label><\/span><span class=\"wpcf7-list-item last\"><label><input type=\"radio\" name=\"radio-574\" value=\"Other \\ Otro\" \/><span class=\"wpcf7-list-item-label\">Otro<\/span><\/label><\/span><\/span><\/span>\n\t\t<\/p>\n\t<\/div>\n<\/div>\n<div class=\"row\">\n\t<div class=\"col-md-12\">\n\t\t<p><label>City or Destination (optional) \/ Ciudad o Destino (opcional)<\/label><span class=\"wpcf7-form-control-wrap\" data-name=\"city\"><input size=\"40\" maxlength=\"400\" class=\"wpcf7-form-control wpcf7-text\" aria-invalid=\"false\" value=\"\" type=\"text\" name=\"city\" \/><\/span>\n\t\t<\/p>\n\t<\/div>\n<\/div>\n<div class=\"row\">\n\t<div class=\"col-md-12\">\n\t\t<p><label>Date or Timeframe (optional) \/ Fecha o Rango de Fechas (opcional)<\/label><span class=\"wpcf7-form-control-wrap\" data-name=\"date\"><input size=\"40\" maxlength=\"400\" class=\"wpcf7-form-control wpcf7-text\" aria-invalid=\"false\" value=\"\" type=\"text\" name=\"date\" \/><\/span>\n\t\t<\/p>\n\t<\/div>\n<\/div>\n<div class=\"row\">\n\t<div class=\"col-md-12\">\n\t\t<p><label>Group Size (optional) \/ N\u00famero de Personas (opcional)<\/label><span class=\"wpcf7-form-control-wrap\" data-name=\"group-size\"><input size=\"40\" maxlength=\"400\" class=\"wpcf7-form-control wpcf7-text\" aria-invalid=\"false\" value=\"\" type=\"text\" name=\"group-size\" \/><\/span>\n\t\t<\/p>\n\t<\/div>\n<\/div>\n<div class=\"row\">\n\t<div class=\"col-md-12\">\n\t\t<p><label>Message \/ Mensaje<\/label><span class=\"wpcf7-form-control-wrap\" data-name=\"your-message\"><textarea cols=\"40\" rows=\"10\" maxlength=\"2000\" class=\"wpcf7-form-control wpcf7-textarea wpcf7-validates-as-required\" aria-required=\"true\" aria-invalid=\"false\" placeholder=\"Escribe lo que quieras - incluso una pregunta corta est\u00e1 bien.\" name=\"your-message\"><\/textarea><\/span>\n\t\t<\/p>\n\t<\/div>\n<\/div>\n<div class=\"row consentRow\">\n\t<div class=\"col-md-12\">\n\t\t<p><strong>Consentimiento opcional para tratamiento de datos y comunicaciones.<\/strong>\n\t\t<\/p>\n\t\t<p class=\"formConsent\"><br \/>\n<span class=\"wpcf7-form-control-wrap\" data-name=\"acceptance-583\"><span class=\"wpcf7-form-control wpcf7-acceptance optional\"><span class=\"wpcf7-list-item\"><label><input type=\"checkbox\" name=\"acceptance-583\" value=\"1\" aria-invalid=\"false\" \/><span class=\"wpcf7-list-item-label\">Al marcar esta casilla, doy mi consentimiento para recibir mensajes SMS transaccionales de (Cielo Travel), sobre mi reserva (confirmaciones, recordatorios y actualizaciones de soporte). El consentimiento no es una condici\u00f3n de compra. Pueden aplicarse tarifas de mensajes y datos. Responda STOP para cancelar la suscripci\u00f3n o HELP para obtener ayuda.<\/span><\/label><\/span><\/span><\/span>\n\t\t<\/p>\n\t\t<p class=\"anchor\" style=\"display:block !important;\"><a href=\"https:\/\/cielo.travel\/es\/condiciones-generales\/\">T\u00e9rminos<\/a> | <a href=\"https:\/\/cielo.travel\/es\/politica-de-privacidad\/\">Pol\u00edtica de privacidad<\/a>\n\t\t<\/p>\n\t<\/div>\n<\/div>\n<div class=\"row\">\n\t<p><span id=\"wpcf7-69fa1cb700d5b-wrapper\" class=\"wpcf7-form-control-wrap requiredValid-wrap\" style=\"display:none !important; visibility:hidden !important;\"><label for=\"wpcf7-69fa1cb700d5b-field\" class=\"hp-message\">Por favor, deje este campo vac\u00edo.<\/label><input id=\"wpcf7-69fa1cb700d5b-field\"  class=\"wpcf7-form-control wpcf7-text\" type=\"text\" name=\"requiredValid\" value=\"\" size=\"40\" tabindex=\"-1\" autocomplete=\"new-password\" \/><\/span>\n\t<\/p>\n\t<div class=\"col-md-12 submitButton\">\n\t\t<p><input class=\"wpcf7-form-control wpcf7-submit has-spinner\" type=\"submit\" value=\"Send \/ Enviar\" \/>\n\t\t<\/p>\n\t<\/div>\n<\/div><p style=\"display: none !important;\" class=\"akismet-fields-container\" data-prefix=\"_wpcf7_ak_\"><label>\u0394<textarea name=\"_wpcf7_ak_hp_textarea\" cols=\"45\" rows=\"8\" maxlength=\"100\"><\/textarea><\/label><input type=\"hidden\" id=\"ak_js_1\" name=\"_wpcf7_ak_js\" value=\"157\"\/><script>\ndocument.getElementById( \"ak_js_1\" ).setAttribute( \"value\", ( new Date() ).getTime() );\n<\/script>\n<\/p><div class=\"wpcf7-response-output\" aria-hidden=\"true\"><\/div>\n<input type=\"hidden\" name=\"trp-form-language\" value=\"es\"\/><\/form>\n<\/div>\n\n\t<p>Correo electr\u00f3nico<\/p>\n\t<p><a href=\"mailto:hola@cielo.travel\">hola@cielo.travel<\/a><\/p>\n\t<p>Instagram DMs<\/p>\n\t<p><a href=\"https:\/\/www.instagram.com\/tu.colombia\/\" target=\"_blank\" rel=\"noopener\">@tu.colombia<\/a><\/p>\n<h2>\n\t\t\tViajes inolvidables, pensados para usted\t<\/h2>\n\t<p>Entre los Mejores Tours en Colombia, estos destacan por su capacidad de sorprender e inspirar. Desde maravillas naturales a ciudades legendarias, revelan el lado oculto del pa\u00eds y te ofrecen experiencias aut\u00e9nticas que no encontrar\u00e1s en ning\u00fan otro lugar.<\/p>\n\t<section>\n<a href=\"https:\/\/cielo.travel\/es\/los-mejores-tours-en-colombia\/bogota-rutas-de-senderismo-las-moyas-tour\/\">\n<h2>Por encima de las nubes: caminata ecol\u00f3gica en Las Moyas<\/h2>\n<p>Las Moyas, Bogot\u00e1<\/p>\n<\/a>\n<\/section>\n\t<section>\n<a href=\"https:\/\/cielo.travel\/es\/los-mejores-tours-en-colombia\/catedral-de-sal-colombia-guatavita-tour-privado\/\">\n<h2>Tallada en sal, coronada por un lago: viaje VIP a Zipaquir\u00e1<\/h2>\n<p>Zipaquir\u00e1, Cundinamarca<\/p>\n<\/a>\n<\/section>\n\t<section>\n<a href=\"https:\/\/cielo.travel\/es\/los-mejores-tours-en-colombia\/lo-mejor-que-hacer-en-bogota\/\">\n<h2>Explore lo mejor de Bogot\u00e1 en un d\u00eda: su viaje privado por la ciudad<\/h2>\n<p>Bogot\u00e1 D.C<\/p>\n<\/a>\n<\/section>\n\t<a href=\"https:\/\/cielo.travel\/es\/los-mejores-tours-en-colombia\/\">Ver todos los tours<\/a>\n<h2 class=\"translation-block\">Para <span style=\"color: #135891\">Marcas<\/span>  de Turismo, Hospitalidad y Estilo de Vida<\/h2>\n<h2>\n\t\t\tAvancemos juntos\t<\/h2>\n\t<p>Tanto si est\u00e1 planeando su pr\u00f3ximo viaje como si est\u00e1 haciendo crecer su marca, estamos aqu\u00ed para hacer que Colombia sea inolvidable.<\/p>\n\t<section>\n    <a href=\"https:\/\/cielo.travel\/es\/los-mejores-tours-en-colombia\/\">Recorridos<\/a>\n    <a href=\"https:\/\/cielo.travel\/es\/marketing-para-marcas-de-turismo-hospitalidad-y-estilo-de-vida\/\">Hable con nuestro equipo<\/a>\n<\/section>","protected":false},"excerpt":{"rendered":"<p>Contacto Empecemos algo incre\u00edble Con sede en Colombia. Conectados en todo el mundo. Equipo biling\u00fce - Respuestas r\u00e1pidas - Gente real Cont\u00e1ctanos Email hola@cielo.travel Instagram DMs @tu.colombia Viajes inolvidables, curados para ti Entre los Mejores Tours en Colombia, estos se destacan por su capacidad de sorprender e inspirar. Desde maravillas naturales hasta ciudades legendarias, revelan...<\/p>","protected":false},"author":5,"featured_media":0,"parent":0,"menu_order":0,"comment_status":"closed","ping_status":"closed","template":"","meta":{"_acf_changed":false,"inline_featured_image":false,"footnotes":""},"class_list":["post-690","page","type-page","status-publish","hentry"],"acf":[],"_links":{"self":[{"href":"https:\/\/cielo.travel\/es\/wp-json\/wp\/v2\/pages\/690","targetHints":{"allow":["GET"]}}],"collection":[{"href":"https:\/\/cielo.travel\/es\/wp-json\/wp\/v2\/pages"}],"about":[{"href":"https:\/\/cielo.travel\/es\/wp-json\/wp\/v2\/types\/page"}],"author":[{"embeddable":true,"href":"https:\/\/cielo.travel\/es\/wp-json\/wp\/v2\/users\/5"}],"replies":[{"embeddable":true,"href":"https:\/\/cielo.travel\/es\/wp-json\/wp\/v2\/comments?post=690"}],"version-history":[{"count":0,"href":"https:\/\/cielo.travel\/es\/wp-json\/wp\/v2\/pages\/690\/revisions"}],"wp:attachment":[{"href":"https:\/\/cielo.travel\/es\/wp-json\/wp\/v2\/media?parent=690"}],"curies":[{"name":"wp","href":"https:\/\/api.w.org\/{rel}","templated":true}]}}